{"id":88,"date":"2022-09-03T07:21:48","date_gmt":"2022-09-03T07:21:48","guid":{"rendered":"https:\/\/theflowerloom.com\/?page_id=88"},"modified":"2023-01-30T12:46:45","modified_gmt":"2023-01-30T12:46:45","slug":"bedcovers","status":"publish","type":"page","link":"https:\/\/theflowerloom.com\/de\/bedcovers\/","title":{"rendered":"Die Frischekur f\u00fcr M\u00f6bel und Gem\u00fct"},"content":{"rendered":"<h2 class=\"alignwide has-text-align-center wp-block-heading\" id=\"wnd_TextBlock_52173366_inner_0\">Decken und \u00dcberw\u00fcrfe schaffen \u00fcberraschende Effekte<\/h2>\n\n\n\n<div class=\"wp-block-columns alignwide is-layout-flex wp-container-core-columns-is-layout-9d6595d7 wp-block-columns-is-layout-flex\">\n<div class=\"wp-block-column is-layout-flow wp-block-column-is-layout-flow\">\n<p id=\"tw-target-text\">Manchmal braucht die Wohnung ein paar kleine Ver\u00e4nderungen und man f\u00fchlt sich besser. Unsere Tagesdecken und \u00dcberw\u00fcrfe sind gut f\u00fcr die Psyche und f\u00fcr die Gesundheit: sie sind aus \n100 % nat\u00fcrlichen Materialien \u2013 Wolle\/Baumwolle sowie gekochte Wolle. Die Farben und die traditionellen Designs wie Jacquard, Kani oder Ikat ver\u00e4ndern die Atmosph\u00e4re in jedem Raum.<\/p>\n<\/div>\n\n\n\n<div class=\"wp-block-column is-layout-flow wp-block-column-is-layout-flow\">\n<p id=\"tw-target-text\">Die doppelt gewebten sowie die einfach gewebtenTagesdecken sind in den Gr\u00f6\u00dfen 200 cm x 250 cm vorr\u00e4tig. Dar\u00fcber hinaus haben wir Plaids in der Gr\u00f6\u00dfe 140 cm x 210 cm. Wir bieten auch individuelle Farbkombinationen an. Teilen Sie uns Ihre W\u00fcnsche mit und wir werden uns umgehend mit Ihnen in Verbindung setzen.<\/p>\n<\/div>\n<\/div>\n\n\n\n<div class=\"wp-block-columns alignwide is-layout-flex wp-container-core-columns-is-layout-9d6595d7 wp-block-columns-is-layout-flex\">\n<div class=\"wp-block-column is-layout-flow wp-block-column-is-layout-flow\">\n<h6 class=\"has-text-align-center wp-block-heading\" id=\"wnd_TextBlock_901030782_inner_0\"><strong>Doppelt gewebte Tagesdecken<\/strong><\/h6>\n\n\n\n<p class=\"has-text-align-center\" id=\"wnd_TextBlock_901030782_inner_1\">60 % feine Wolle und 40 % Baumwolle<\/p>\n\n\n\n<p class=\"has-text-align-center\" id=\"wnd_TextBlock_901030782_inner_2\">Gr\u00f6\u00dfe 200 x 250 cm&nbsp;<\/p>\n<\/div>\n\n\n\n<div class=\"wp-block-column is-layout-flow wp-block-column-is-layout-flow\">\n<h6 class=\"has-text-align-center wp-block-heading\" id=\"wnd_TextBlock_16625019_inner_0\"><strong>Einfach gewebte Tagesdecken<\/strong><\/h6>\n\n\n\n<p class=\"has-text-align-center\" id=\"wnd_TextBlock_16625019_inner_1\">60 % feine Wolle und 40 % Baumwolle<\/p>\n\n\n\n<p class=\"has-text-align-center\" id=\"wnd_TextBlock_16625019_inner_2\">Gr\u00f6\u00dfe 200 x 250 cm&nbsp;<\/p>\n<\/div>\n\n\n\n<div class=\"wp-block-column is-layout-flow wp-block-column-is-layout-flow\">\n<h6 class=\"has-text-align-center wp-block-heading\" id=\"wnd_TextBlock_467408270_inner_0\"><strong>\u00dcberw\u00fcrfe<\/strong>   <strong>&nbsp;<\/strong><\/h6>\n\n\n\n<p class=\"has-text-align-center\" id=\"wnd_TextBlock_467408270_inner_1\">100 % gekochte Wolle&nbsp;<\/p>\n\n\n\n<p class=\"has-text-align-center\" id=\"wnd_TextBlock_467408270_inner_2\">Gr\u00f6\u00dfe 140 x 210 cm&nbsp;&nbsp;<\/p>\n<\/div>\n<\/div>\n\n\n\n<div class=\"wp-block-columns alignwide is-layout-flex wp-container-core-columns-is-layout-9d6595d7 wp-block-columns-is-layout-flex\">\n<div class=\"wp-block-column is-layout-flow wp-block-column-is-layout-flow\"><div class=\"wp-block-image\">\n<figure class=\"aligncenter size-full is-resized\"><img decoding=\"async\" src=\"https:\/\/theflowerloom.com\/wp-content\/uploads\/2022\/09\/Bedcover-Double2-edited.jpeg\" alt=\"Bedcover red Wool\/Cotton in Jacquard and Kani design\" class=\"wp-image-773\" width=\"300\" srcset=\"https:\/\/theflowerloom.com\/wp-content\/uploads\/2022\/09\/Bedcover-Double2-edited.jpeg 666w, https:\/\/theflowerloom.com\/wp-content\/uploads\/2022\/09\/Bedcover-Double2-edited-300x400.jpeg 300w, https:\/\/theflowerloom.com\/wp-content\/uploads\/2022\/09\/Bedcover-Double2-edited-9x12.jpeg 9w\" sizes=\"(max-width: 666px) 100vw, 666px\" \/><\/figure>\n<\/div>\n\n\n<h6 class=\"has-text-align-center wp-block-heading\">Gesamtaufnahme doppelt gewebte Bettdecke<\/h6>\n<\/div>\n\n\n\n<div class=\"wp-block-column is-layout-flow wp-block-column-is-layout-flow\"><div class=\"wp-block-image\">\n<figure class=\"aligncenter size-full is-resized\"><img decoding=\"async\" src=\"https:\/\/theflowerloom.com\/wp-content\/uploads\/2022\/09\/Bedcover-single5-edited.jpeg\" alt=\"Bedcover offwhite Wool\/Cotton in Jacquard and Kani design\" class=\"wp-image-774\" width=\"300\" srcset=\"https:\/\/theflowerloom.com\/wp-content\/uploads\/2022\/09\/Bedcover-single5-edited.jpeg 590w, https:\/\/theflowerloom.com\/wp-content\/uploads\/2022\/09\/Bedcover-single5-edited-300x400.jpeg 300w, https:\/\/theflowerloom.com\/wp-content\/uploads\/2022\/09\/Bedcover-single5-edited-9x12.jpeg 9w\" sizes=\"(max-width: 590px) 100vw, 590px\" \/><\/figure>\n<\/div>\n\n\n<h6 class=\"has-text-align-center wp-block-heading\">Gesamtaufnahme einfach gewebte Bettdecke<\/h6>\n<\/div>\n\n\n\n<div class=\"wp-block-column is-layout-flow wp-block-column-is-layout-flow\"><div class=\"wp-block-image\">\n<figure class=\"aligncenter size-full is-resized\"><img decoding=\"async\" src=\"https:\/\/theflowerloom.com\/wp-content\/uploads\/2022\/09\/Throw1a-2-edited.jpeg\" alt=\"Throw boiled wool with fringes in Ikat design\" class=\"wp-image-775\" width=\"300\" srcset=\"https:\/\/theflowerloom.com\/wp-content\/uploads\/2022\/09\/Throw1a-2-edited.jpeg 881w, https:\/\/theflowerloom.com\/wp-content\/uploads\/2022\/09\/Throw1a-2-edited-300x400.jpeg 300w, https:\/\/theflowerloom.com\/wp-content\/uploads\/2022\/09\/Throw1a-2-edited-768x1023.jpeg 768w, https:\/\/theflowerloom.com\/wp-content\/uploads\/2022\/09\/Throw1a-2-edited-9x12.jpeg 9w\" sizes=\"(max-width: 881px) 100vw, 881px\" \/><\/figure>\n<\/div>\n\n\n<h6 class=\"has-text-align-center wp-block-heading\">Gesamtaufnahme \u00dcberwurf<\/h6>\n<\/div>\n<\/div>\n\n\n\n<div class=\"wp-block-columns alignwide is-layout-flex wp-container-core-columns-is-layout-9d6595d7 wp-block-columns-is-layout-flex\">\n<div class=\"wp-block-column is-layout-flow wp-block-column-is-layout-flow\"><div class=\"wp-block-image\">\n<figure class=\"aligncenter size-full is-resized\"><img loading=\"lazy\" decoding=\"async\" src=\"https:\/\/theflowerloom.com\/wp-content\/uploads\/2022\/09\/Bedcover-Double1a.jpeg\" alt=\"Bedcover Wool\/Cotton in Jacquard and Kani design 1\" class=\"wp-image-130\" width=\"300\" height=\"400\" srcset=\"https:\/\/theflowerloom.com\/wp-content\/uploads\/2022\/09\/Bedcover-Double1a.jpeg 768w, https:\/\/theflowerloom.com\/wp-content\/uploads\/2022\/09\/Bedcover-Double1a-225x300.jpeg 225w\" sizes=\"auto, (max-width: 300px) 100vw, 300px\" \/><figcaption class=\"wp-element-caption\">Design 1<\/figcaption><\/figure>\n<\/div><\/div>\n\n\n\n<div class=\"wp-block-column is-layout-flow wp-block-column-is-layout-flow\"><div class=\"wp-block-image\">\n<figure class=\"aligncenter size-full is-resized\"><img loading=\"lazy\" decoding=\"async\" src=\"https:\/\/theflowerloom.com\/wp-content\/uploads\/2022\/09\/Bedcover-single1a.jpeg\" alt=\"Bedcover Wool\/Cotton in Jacquard and Kani design 7\" class=\"wp-image-136\" width=\"300\" height=\"400\" srcset=\"https:\/\/theflowerloom.com\/wp-content\/uploads\/2022\/09\/Bedcover-single1a.jpeg 768w, https:\/\/theflowerloom.com\/wp-content\/uploads\/2022\/09\/Bedcover-single1a-225x300.jpeg 225w\" sizes=\"auto, (max-width: 300px) 100vw, 300px\" \/><figcaption class=\"wp-element-caption\">Design 7<\/figcaption><\/figure>\n<\/div><\/div>\n\n\n\n<div class=\"wp-block-column is-layout-flow wp-block-column-is-layout-flow\"><div class=\"wp-block-image\">\n<figure class=\"aligncenter size-full is-resized\"><img loading=\"lazy\" decoding=\"async\" src=\"https:\/\/theflowerloom.com\/wp-content\/uploads\/2022\/09\/Throw2.jpeg\" alt=\"Throw boiled wool with fringes in Jacquard design and stripes 13\" class=\"wp-image-142\" width=\"300\" height=\"400\" srcset=\"https:\/\/theflowerloom.com\/wp-content\/uploads\/2022\/09\/Throw2.jpeg 960w, https:\/\/theflowerloom.com\/wp-content\/uploads\/2022\/09\/Throw2-225x300.jpeg 225w, https:\/\/theflowerloom.com\/wp-content\/uploads\/2022\/09\/Throw2-768x1024.jpeg 768w\" sizes=\"auto, (max-width: 300px) 100vw, 300px\" \/><figcaption class=\"wp-element-caption\">Design 13<\/figcaption><\/figure>\n<\/div><\/div>\n<\/div>\n\n\n\n<div class=\"wp-block-columns alignwide is-layout-flex wp-container-core-columns-is-layout-9d6595d7 wp-block-columns-is-layout-flex\">\n<div class=\"wp-block-column is-layout-flow wp-block-column-is-layout-flow\"><div class=\"wp-block-image\">\n<figure class=\"aligncenter size-full is-resized\"><img loading=\"lazy\" decoding=\"async\" src=\"https:\/\/theflowerloom.com\/wp-content\/uploads\/2022\/09\/Bedcover-Double2a.jpeg\" alt=\"Bedcover Wool\/Cotton in Jacquard and Kani design 2\" class=\"wp-image-131\" width=\"300\" height=\"400\" srcset=\"https:\/\/theflowerloom.com\/wp-content\/uploads\/2022\/09\/Bedcover-Double2a.jpeg 768w, https:\/\/theflowerloom.com\/wp-content\/uploads\/2022\/09\/Bedcover-Double2a-225x300.jpeg 225w\" sizes=\"auto, (max-width: 300px) 100vw, 300px\" \/><figcaption class=\"wp-element-caption\">Design 2<\/figcaption><\/figure>\n<\/div><\/div>\n\n\n\n<div class=\"wp-block-column is-layout-flow wp-block-column-is-layout-flow\"><div class=\"wp-block-image\">\n<figure class=\"aligncenter size-full is-resized\"><img loading=\"lazy\" decoding=\"async\" src=\"https:\/\/theflowerloom.com\/wp-content\/uploads\/2022\/09\/Bedcover-single2a.jpeg\" alt=\"Bedcover Wool\/Cotton in Jacquard and Kani design 8\" class=\"wp-image-137\" width=\"300\" height=\"400\" srcset=\"https:\/\/theflowerloom.com\/wp-content\/uploads\/2022\/09\/Bedcover-single2a.jpeg 768w, https:\/\/theflowerloom.com\/wp-content\/uploads\/2022\/09\/Bedcover-single2a-225x300.jpeg 225w\" sizes=\"auto, (max-width: 300px) 100vw, 300px\" \/><figcaption class=\"wp-element-caption\">Design 8<\/figcaption><\/figure>\n<\/div><\/div>\n\n\n\n<div class=\"wp-block-column is-layout-flow wp-block-column-is-layout-flow\"><div class=\"wp-block-image\">\n<figure class=\"aligncenter size-large is-resized\"><img loading=\"lazy\" decoding=\"async\" src=\"https:\/\/theflowerloom.com\/wp-content\/uploads\/2022\/09\/Throw1-768x1024.jpeg\" alt=\"Throw blue in boiled wool with fringes in Ikat design 14\" class=\"wp-image-143\" width=\"300\" height=\"400\" srcset=\"https:\/\/theflowerloom.com\/wp-content\/uploads\/2022\/09\/Throw1-768x1024.jpeg 768w, https:\/\/theflowerloom.com\/wp-content\/uploads\/2022\/09\/Throw1-225x300.jpeg 225w, https:\/\/theflowerloom.com\/wp-content\/uploads\/2022\/09\/Throw1.jpeg 960w\" sizes=\"auto, (max-width: 300px) 100vw, 300px\" \/><figcaption class=\"wp-element-caption\">Design 14<\/figcaption><\/figure>\n<\/div><\/div>\n<\/div>\n\n\n\n<div class=\"wp-block-columns alignwide is-layout-flex wp-container-core-columns-is-layout-9d6595d7 wp-block-columns-is-layout-flex\">\n<div class=\"wp-block-column is-layout-flow wp-block-column-is-layout-flow\"><div class=\"wp-block-image\">\n<figure class=\"aligncenter size-full is-resized\"><img loading=\"lazy\" decoding=\"async\" src=\"https:\/\/theflowerloom.com\/wp-content\/uploads\/2022\/09\/Bedcover-Double3a.jpeg\" alt=\"Bedcover Wool\/Cotton in Jacquard and Kani design 3\" class=\"wp-image-132\" width=\"300\" height=\"400\" srcset=\"https:\/\/theflowerloom.com\/wp-content\/uploads\/2022\/09\/Bedcover-Double3a.jpeg 768w, https:\/\/theflowerloom.com\/wp-content\/uploads\/2022\/09\/Bedcover-Double3a-225x300.jpeg 225w\" sizes=\"auto, (max-width: 300px) 100vw, 300px\" \/><figcaption class=\"wp-element-caption\">Design 3<\/figcaption><\/figure>\n<\/div><\/div>\n\n\n\n<div class=\"wp-block-column is-layout-flow wp-block-column-is-layout-flow\"><div class=\"wp-block-image\">\n<figure class=\"aligncenter size-full is-resized\"><img loading=\"lazy\" decoding=\"async\" src=\"https:\/\/theflowerloom.com\/wp-content\/uploads\/2022\/09\/Bedcover-single3a.jpeg\" alt=\"Bedcover Wool\/Cotton in Jacquard design 9\" class=\"wp-image-138\" width=\"300\" height=\"400\" srcset=\"https:\/\/theflowerloom.com\/wp-content\/uploads\/2022\/09\/Bedcover-single3a.jpeg 768w, https:\/\/theflowerloom.com\/wp-content\/uploads\/2022\/09\/Bedcover-single3a-225x300.jpeg 225w\" sizes=\"auto, (max-width: 300px) 100vw, 300px\" \/><figcaption class=\"wp-element-caption\">Design 9<\/figcaption><\/figure>\n<\/div><\/div>\n\n\n\n<div class=\"wp-block-column is-layout-flow wp-block-column-is-layout-flow\"><div class=\"wp-block-image\">\n<figure class=\"aligncenter size-full is-resized\"><img loading=\"lazy\" decoding=\"async\" src=\"https:\/\/theflowerloom.com\/wp-content\/uploads\/2022\/09\/Throw-18a.jpeg\" alt=\"Throw boiled wool with fringes in Jacquard design 15\" class=\"wp-image-144\" width=\"300\" height=\"400\" srcset=\"https:\/\/theflowerloom.com\/wp-content\/uploads\/2022\/09\/Throw-18a.jpeg 768w, https:\/\/theflowerloom.com\/wp-content\/uploads\/2022\/09\/Throw-18a-225x300.jpeg 225w\" sizes=\"auto, (max-width: 300px) 100vw, 300px\" \/><figcaption class=\"wp-element-caption\">Design 15<\/figcaption><\/figure>\n<\/div><\/div>\n<\/div>\n\n\n\n<div class=\"wp-block-columns alignwide is-layout-flex wp-container-core-columns-is-layout-9d6595d7 wp-block-columns-is-layout-flex\">\n<div class=\"wp-block-column is-layout-flow wp-block-column-is-layout-flow\"><div class=\"wp-block-image\">\n<figure class=\"aligncenter size-full is-resized\"><img loading=\"lazy\" decoding=\"async\" src=\"https:\/\/theflowerloom.com\/wp-content\/uploads\/2022\/09\/Bedcover-Double4a.jpeg\" alt=\"Bedcover Wool\/Cotton in Jacquard and Kani design 4\" class=\"wp-image-133\" width=\"300\" height=\"400\" srcset=\"https:\/\/theflowerloom.com\/wp-content\/uploads\/2022\/09\/Bedcover-Double4a.jpeg 768w, https:\/\/theflowerloom.com\/wp-content\/uploads\/2022\/09\/Bedcover-Double4a-225x300.jpeg 225w\" sizes=\"auto, (max-width: 300px) 100vw, 300px\" \/><figcaption class=\"wp-element-caption\">Design 4<\/figcaption><\/figure>\n<\/div><\/div>\n\n\n\n<div class=\"wp-block-column is-layout-flow wp-block-column-is-layout-flow\"><div class=\"wp-block-image\">\n<figure class=\"aligncenter size-full is-resized\"><img loading=\"lazy\" decoding=\"async\" src=\"https:\/\/theflowerloom.com\/wp-content\/uploads\/2022\/09\/Bedcover-single4a.jpeg\" alt=\"Bedcover Wool\/Cotton in Jacquard design 10\" class=\"wp-image-139\" width=\"300\" height=\"400\" srcset=\"https:\/\/theflowerloom.com\/wp-content\/uploads\/2022\/09\/Bedcover-single4a.jpeg 768w, https:\/\/theflowerloom.com\/wp-content\/uploads\/2022\/09\/Bedcover-single4a-225x300.jpeg 225w\" sizes=\"auto, (max-width: 300px) 100vw, 300px\" \/><figcaption class=\"wp-element-caption\">Design 10<\/figcaption><\/figure>\n<\/div><\/div>\n\n\n\n<div class=\"wp-block-column is-layout-flow wp-block-column-is-layout-flow\"><div class=\"wp-block-image\">\n<figure class=\"aligncenter size-full is-resized\"><img loading=\"lazy\" decoding=\"async\" src=\"https:\/\/theflowerloom.com\/wp-content\/uploads\/2022\/09\/Throw-19a.jpeg\" alt=\"Throw boiled wool with fringes in Jacquard design 16\" class=\"wp-image-145\" width=\"300\" height=\"400\" srcset=\"https:\/\/theflowerloom.com\/wp-content\/uploads\/2022\/09\/Throw-19a.jpeg 768w, https:\/\/theflowerloom.com\/wp-content\/uploads\/2022\/09\/Throw-19a-225x300.jpeg 225w\" sizes=\"auto, (max-width: 300px) 100vw, 300px\" \/><figcaption class=\"wp-element-caption\">Design 16<\/figcaption><\/figure>\n<\/div><\/div>\n<\/div>\n\n\n\n<div class=\"wp-block-columns alignwide is-layout-flex wp-container-core-columns-is-layout-9d6595d7 wp-block-columns-is-layout-flex\">\n<div class=\"wp-block-column is-layout-flow wp-block-column-is-layout-flow\"><div class=\"wp-block-image\">\n<figure class=\"aligncenter size-full is-resized\"><img loading=\"lazy\" decoding=\"async\" src=\"https:\/\/theflowerloom.com\/wp-content\/uploads\/2022\/09\/Bedcover-Double5a.jpeg\" alt=\"Bedcover Wool\/Cotton in Jacquard and Kani design 5\" class=\"wp-image-134\" width=\"300\" height=\"400\" srcset=\"https:\/\/theflowerloom.com\/wp-content\/uploads\/2022\/09\/Bedcover-Double5a.jpeg 768w, https:\/\/theflowerloom.com\/wp-content\/uploads\/2022\/09\/Bedcover-Double5a-225x300.jpeg 225w\" sizes=\"auto, (max-width: 300px) 100vw, 300px\" \/><figcaption class=\"wp-element-caption\">Design 5<\/figcaption><\/figure>\n<\/div><\/div>\n\n\n\n<div class=\"wp-block-column is-layout-flow wp-block-column-is-layout-flow\"><div class=\"wp-block-image\">\n<figure class=\"aligncenter size-full is-resized\"><img loading=\"lazy\" decoding=\"async\" src=\"https:\/\/theflowerloom.com\/wp-content\/uploads\/2022\/09\/Bedcover-single5a.jpeg\" alt=\"Bedcover Wool\/Cotton in Jacquard and Kani design 11\" class=\"wp-image-140\" width=\"300\" height=\"400\" srcset=\"https:\/\/theflowerloom.com\/wp-content\/uploads\/2022\/09\/Bedcover-single5a.jpeg 768w, https:\/\/theflowerloom.com\/wp-content\/uploads\/2022\/09\/Bedcover-single5a-225x300.jpeg 225w\" sizes=\"auto, (max-width: 300px) 100vw, 300px\" \/><figcaption class=\"wp-element-caption\">Design 11<\/figcaption><\/figure>\n<\/div><\/div>\n\n\n\n<div class=\"wp-block-column is-layout-flow wp-block-column-is-layout-flow\"><div class=\"wp-block-image\">\n<figure class=\"aligncenter size-full is-resized\"><img loading=\"lazy\" decoding=\"async\" src=\"https:\/\/theflowerloom.com\/wp-content\/uploads\/2022\/09\/Throw-20a.jpeg\" alt=\"Throw boiled wool with fringes in Jacquard design 17\" class=\"wp-image-146\" width=\"300\" height=\"400\" srcset=\"https:\/\/theflowerloom.com\/wp-content\/uploads\/2022\/09\/Throw-20a.jpeg 768w, https:\/\/theflowerloom.com\/wp-content\/uploads\/2022\/09\/Throw-20a-225x300.jpeg 225w\" sizes=\"auto, (max-width: 300px) 100vw, 300px\" \/><figcaption class=\"wp-element-caption\">Design 17<\/figcaption><\/figure>\n<\/div><\/div>\n<\/div>\n\n\n\n<div class=\"wp-block-columns alignwide is-layout-flex wp-container-core-columns-is-layout-9d6595d7 wp-block-columns-is-layout-flex\">\n<div class=\"wp-block-column is-layout-flow wp-block-column-is-layout-flow\"><div class=\"wp-block-image\">\n<figure class=\"aligncenter size-full is-resized\"><img loading=\"lazy\" decoding=\"async\" src=\"https:\/\/theflowerloom.com\/wp-content\/uploads\/2022\/09\/Bedcover-double6a.jpeg\" alt=\"Bedcover Wool\/Cotton in Jacquard and Kani design 6\" class=\"wp-image-135\" width=\"300\" height=\"400\" srcset=\"https:\/\/theflowerloom.com\/wp-content\/uploads\/2022\/09\/Bedcover-double6a.jpeg 768w, https:\/\/theflowerloom.com\/wp-content\/uploads\/2022\/09\/Bedcover-double6a-225x300.jpeg 225w\" sizes=\"auto, (max-width: 300px) 100vw, 300px\" \/><figcaption class=\"wp-element-caption\">Design 6<\/figcaption><\/figure>\n<\/div><\/div>\n\n\n\n<div class=\"wp-block-column is-layout-flow wp-block-column-is-layout-flow\"><div class=\"wp-block-image\">\n<figure class=\"aligncenter size-full is-resized\"><img loading=\"lazy\" decoding=\"async\" src=\"https:\/\/theflowerloom.com\/wp-content\/uploads\/2022\/09\/Bedcover-single7a.jpeg\" alt=\"Bedcover Wool\/Cotton in Jacquard and Kani design 12\" class=\"wp-image-141\" width=\"300\" height=\"400\" srcset=\"https:\/\/theflowerloom.com\/wp-content\/uploads\/2022\/09\/Bedcover-single7a.jpeg 768w, https:\/\/theflowerloom.com\/wp-content\/uploads\/2022\/09\/Bedcover-single7a-225x300.jpeg 225w\" sizes=\"auto, (max-width: 300px) 100vw, 300px\" \/><figcaption class=\"wp-element-caption\">Design 12<\/figcaption><\/figure>\n<\/div><\/div>\n\n\n\n<div class=\"wp-block-column is-vertically-aligned-center is-layout-flow wp-block-column-is-layout-flow\">\n<p class=\"has-large-font-size\" style=\"font-style:normal;font-weight:700\">Die hier gezeigten Farben und Muster sollen Ihnen einen Eindruck \u00fcber die Kombinationsm\u00f6glichkeiten vermitteln.<\/p>\n\n\n\n<p class=\"has-large-font-size\" style=\"font-style:normal;font-weight:700\">Bitte sprechen Sie uns f\u00fcr alle verf\u00fcgbaren Farben und Designs an.<\/p>\n\n\n\n<div class=\"wp-block-buttons is-layout-flex wp-block-buttons-is-layout-flex\">\n<div class=\"wp-block-button\"><a class=\"wp-block-button__link wp-element-button\" href=\"https:\/\/theflowerloom.com\/de\/contact\/\">Kontakt<\/a><\/div>\n<\/div>\n<\/div>\n<\/div>","protected":false},"excerpt":{"rendered":"<p>Natural materials and traditional designs Sometimes your home just needs a few small changes and you feel better right away. Our bedcovers and throws are good for the soul and physical well-being: they are made from 100% natural materials &#8211; wool\/cotton or boiled wool. Their colors and traditional designs such as jacquard, kani or ikat [&hellip;]<\/p>\n","protected":false},"author":1,"featured_media":0,"parent":0,"menu_order":0,"comment_status":"closed","ping_status":"closed","template":"","meta":{"om_disable_all_campaigns":false,"_monsterinsights_skip_tracking":false,"_monsterinsights_sitenote_active":false,"_monsterinsights_sitenote_note":"","_monsterinsights_sitenote_category":0,"footnotes":""},"class_list":["post-88","page","type-page","status-publish","hentry"],"aioseo_notices":[],"_links":{"self":[{"href":"https:\/\/theflowerloom.com\/de\/wp-json\/wp\/v2\/pages\/88","targetHints":{"allow":["GET"]}}],"collection":[{"href":"https:\/\/theflowerloom.com\/de\/wp-json\/wp\/v2\/pages"}],"about":[{"href":"https:\/\/theflowerloom.com\/de\/wp-json\/wp\/v2\/types\/page"}],"author":[{"embeddable":true,"href":"https:\/\/theflowerloom.com\/de\/wp-json\/wp\/v2\/users\/1"}],"replies":[{"embeddable":true,"href":"https:\/\/theflowerloom.com\/de\/wp-json\/wp\/v2\/comments?post=88"}],"version-history":[{"count":19,"href":"https:\/\/theflowerloom.com\/de\/wp-json\/wp\/v2\/pages\/88\/revisions"}],"predecessor-version":[{"id":924,"href":"https:\/\/theflowerloom.com\/de\/wp-json\/wp\/v2\/pages\/88\/revisions\/924"}],"wp:attachment":[{"href":"https:\/\/theflowerloom.com\/de\/wp-json\/wp\/v2\/media?parent=88"}],"curies":[{"name":"wp","href":"https:\/\/api.w.org\/{rel}","templated":true}]}}