{"id":87,"date":"2022-09-03T07:21:48","date_gmt":"2022-09-03T07:21:48","guid":{"rendered":"https:\/\/theflowerloom.com\/?page_id=87"},"modified":"2023-01-30T12:27:49","modified_gmt":"2023-01-30T12:27:49","slug":"leatherbags","status":"publish","type":"page","link":"https:\/\/theflowerloom.com\/de\/leatherbags\/","title":{"rendered":"Diese Taschen sorgen f\u00fcr Gespr\u00e4chsstoff"},"content":{"rendered":"<div class=\"wp-block-media-text alignwide is-stacked-on-mobile is-vertically-aligned-top\" style=\"grid-template-columns:36% auto\"><figure class=\"wp-block-media-text__media\"><img loading=\"lazy\" decoding=\"async\" width=\"581\" height=\"992\" src=\"https:\/\/theflowerloom.com\/wp-content\/uploads\/2022\/09\/home-page-photo-1.jpeg\" alt=\"Kashmiri Leather Bags with Kashida work\" class=\"wp-image-217 size-full\" srcset=\"https:\/\/theflowerloom.com\/wp-content\/uploads\/2022\/09\/home-page-photo-1.jpeg 581w, https:\/\/theflowerloom.com\/wp-content\/uploads\/2022\/09\/home-page-photo-1-176x300.jpeg 176w\" sizes=\"auto, (max-width: 581px) 100vw, 581px\" \/><\/figure><div class=\"wp-block-media-text__content\">\n<p><strong>Diese Taschen sorgen f\u00fcr Gespr\u00e4chsstoff<\/strong><\/p>\n\n\n\n<p id=\"wnd_TextBlock_79263314_inner_1\">In Kashmir wurde \u00fcber Jahrhunderte handwerkliche F\u00e4higkeiten zur Perfektion entwickelt. Seit dem Einfluss persischer Meister und Moghul-Kaiser haben Handwerker aus Kaschmir ihren ganz eigenen Stil geschaffen. Heute kann jeder diesen Stil zweifellos als aus dem Kaschmir-Tal stammend identifizieren.<\/p>\n\n\n\n<p id=\"tw-target-text\">\u201aKashida\u2018 heisst die kashmirische Stickkunst, die - von der Natur inspiriert - jede Tasche ein kleines Kunstwerk werden l\u00e4sst. Einzelne Motive wie V\u00f6gel, Bl\u00fcten, Lotus- und Bergahornbl\u00e4tter ergeben ein Gesamtbild bunter Farben oder Ton-in-Ton. Gro\u00dfe Hand- und Umh\u00e4ngetaschen und auch kleinere Formate sind immer ein absoluter Hingucker und Unikate.<\/p>\n\n\n\n<p id=\"tw-target-text\">Zusammen mit ihrer modernen Taschen-Form sind sie zeitlose Accessoires. Sie entstehen in kleinen Familienbetrieben, in denen die Kunst der Kashida-Stickerei seit Generationen weiter gegeben wird. Eine absolute Rarit\u00e4t in unserer technisierten Welt.<\/p>\n<\/div><\/div>\n\n\n\n<div class=\"wp-block-columns alignwide is-layout-flex wp-container-core-columns-is-layout-9d6595d7 wp-block-columns-is-layout-flex\">\n<div class=\"wp-block-column is-layout-flow wp-block-column-is-layout-flow\">\n<figure class=\"wp-block-image alignwide size-full\"><img loading=\"lazy\" decoding=\"async\" width=\"338\" height=\"450\" src=\"https:\/\/theflowerloom.com\/wp-content\/uploads\/2022\/09\/handbag-own-homepage-1-edited.jpeg\" alt=\"Handbag with Kashmiri Kashida Work in Orange - Autumns Pride\" class=\"wp-image-721\" srcset=\"https:\/\/theflowerloom.com\/wp-content\/uploads\/2022\/09\/handbag-own-homepage-1-edited.jpeg 338w, https:\/\/theflowerloom.com\/wp-content\/uploads\/2022\/09\/handbag-own-homepage-1-edited-300x400.jpeg 300w, https:\/\/theflowerloom.com\/wp-content\/uploads\/2022\/09\/handbag-own-homepage-1-edited-9x12.jpeg 9w\" sizes=\"auto, (max-width: 338px) 100vw, 338px\" \/><\/figure>\n<\/div>\n\n\n\n<div class=\"wp-block-column is-layout-flow wp-block-column-is-layout-flow\">\n<figure class=\"wp-block-image alignwide size-full\"><img loading=\"lazy\" decoding=\"async\" width=\"337\" height=\"449\" src=\"https:\/\/theflowerloom.com\/wp-content\/uploads\/2022\/09\/Leatherbags-Homepage-edited.jpeg\" alt=\"Pouch with Purple Kashida Flowers and Singe Zip\" class=\"wp-image-722\" srcset=\"https:\/\/theflowerloom.com\/wp-content\/uploads\/2022\/09\/Leatherbags-Homepage-edited.jpeg 337w, https:\/\/theflowerloom.com\/wp-content\/uploads\/2022\/09\/Leatherbags-Homepage-edited-300x400.jpeg 300w, https:\/\/theflowerloom.com\/wp-content\/uploads\/2022\/09\/Leatherbags-Homepage-edited-9x12.jpeg 9w\" sizes=\"auto, (max-width: 337px) 100vw, 337px\" \/><\/figure>\n<\/div>\n<\/div>\n\n\n\n<div class=\"wp-block-columns alignwide is-layout-flex wp-container-core-columns-is-layout-9d6595d7 wp-block-columns-is-layout-flex\">\n<div class=\"wp-block-column is-layout-flow wp-block-column-is-layout-flow\">\n<div class=\"wp-block-buttons is-layout-flex wp-block-buttons-is-layout-flex\">\n<div class=\"wp-block-button aligncenter\"><a class=\"wp-block-button__link wp-element-button\" href=\"https:\/\/theflowerloom.com\/de\/hand-bags-shoulder-bags-how-to-make-your-style-unique\/\">Handtaschen<\/a><\/div>\n<\/div>\n<\/div>\n\n\n\n<div class=\"wp-block-column is-layout-flow wp-block-column-is-layout-flow\">\n<div class=\"wp-block-buttons is-layout-flex wp-block-buttons-is-layout-flex\">\n<div class=\"wp-block-button aligncenter\"><a class=\"wp-block-button__link wp-element-button\" href=\"https:\/\/theflowerloom.com\/de\/little-things-with-a-big-heart\/\">Beutel und Etuis<\/a><\/div>\n<\/div>\n<\/div>\n<\/div>","protected":false},"excerpt":{"rendered":"<p>A modern interpretation of Kashmiri Handicrafts Over centuries Kashmiris developed their handicraft skills to perfection.&nbsp;Since the influence by Persian masters and Mughal emperors, Kashmiri artisans created their very own style. Today everyone can undoubtedly identify this style as originating from the Kashmir valley. &#8216;Kashida&#8217; is the name of the Kashmiri art of embroidery, which &#8211; [&hellip;]<\/p>\n","protected":false},"author":1,"featured_media":0,"parent":0,"menu_order":0,"comment_status":"closed","ping_status":"closed","template":"","meta":{"om_disable_all_campaigns":false,"_monsterinsights_skip_tracking":false,"_monsterinsights_sitenote_active":false,"_monsterinsights_sitenote_note":"","_monsterinsights_sitenote_category":0,"footnotes":""},"class_list":["post-87","page","type-page","status-publish","hentry"],"aioseo_notices":[],"_links":{"self":[{"href":"https:\/\/theflowerloom.com\/de\/wp-json\/wp\/v2\/pages\/87","targetHints":{"allow":["GET"]}}],"collection":[{"href":"https:\/\/theflowerloom.com\/de\/wp-json\/wp\/v2\/pages"}],"about":[{"href":"https:\/\/theflowerloom.com\/de\/wp-json\/wp\/v2\/types\/page"}],"author":[{"embeddable":true,"href":"https:\/\/theflowerloom.com\/de\/wp-json\/wp\/v2\/users\/1"}],"replies":[{"embeddable":true,"href":"https:\/\/theflowerloom.com\/de\/wp-json\/wp\/v2\/comments?post=87"}],"version-history":[{"count":18,"href":"https:\/\/theflowerloom.com\/de\/wp-json\/wp\/v2\/pages\/87\/revisions"}],"predecessor-version":[{"id":918,"href":"https:\/\/theflowerloom.com\/de\/wp-json\/wp\/v2\/pages\/87\/revisions\/918"}],"wp:attachment":[{"href":"https:\/\/theflowerloom.com\/de\/wp-json\/wp\/v2\/media?parent=87"}],"curies":[{"name":"wp","href":"https:\/\/api.w.org\/{rel}","templated":true}]}}