{"id":86,"date":"2022-09-03T07:21:48","date_gmt":"2022-09-03T07:21:48","guid":{"rendered":"https:\/\/theflowerloom.com\/?page_id=86"},"modified":"2023-01-30T10:30:08","modified_gmt":"2023-01-30T10:30:08","slug":"shawls-stoles","status":"publish","type":"page","link":"https:\/\/theflowerloom.com\/de\/shawls-stoles\/","title":{"rendered":"T\u00fccher die jeder Haut schmeicheln"},"content":{"rendered":"<div class=\"wp-block-columns alignwide is-layout-flex wp-container-core-columns-is-layout-9d6595d7 wp-block-columns-is-layout-flex\">\n<div class=\"wp-block-column is-layout-flow wp-block-column-is-layout-flow\">\n<p id=\"tw-target-text\"><strong>theflowerloom<\/strong> In unserem Sortiment finden Sie klassische und einfache Accessoires, die vielseitig, aber ebenso zeitlos sind. Oder wir realisieren f\u00fcr Sie Ihre eigenen Ideen. Unsere Stolen und T\u00fccher bestehen zu 100 % aus Naturfasern. Als Ergebnis erhalten Sie nachhaltige Mode in High-End-Qualit\u00e4t - aus edler Seide, luxuri\u00f6ser Merinowolle, schmeichelnder feiner Wolle oder aus exklusiven Wolle\/Seide-Kompositionen.<\/p>\n<\/div>\n\n\n\n<div class=\"wp-block-column is-layout-flow wp-block-column-is-layout-flow\">\n<p id=\"tw-target-text\">Neben der nachhaltigen Qualit\u00e4t bieten wir Ihnen unsere Stolen und T\u00fccher unifarben, mit Digitaldruck oder nach Ihren W\u00fcnschen gewebt an. Wir helfen Ihnen gerne mit unserer Erfahrung bei der Umsetzung Ihrer Ideen. Nat\u00fcrlich haben wir auch eine gro\u00dfe Auswahl an fertigen Stolen und T\u00fcchern. Wir schicken Ihnen gerne die aktuellen Designs zu.<\/p>\n<\/div>\n<\/div>\n\n\n\n<div class=\"wp-block-columns alignwide is-layout-flex wp-container-core-columns-is-layout-9d6595d7 wp-block-columns-is-layout-flex\">\n<div class=\"wp-block-column is-layout-flow wp-block-column-is-layout-flow\">\n<div class=\"wp-block-buttons is-layout-flex wp-block-buttons-is-layout-flex\">\n<div class=\"wp-block-button aligncenter\"><a class=\"wp-block-button__link wp-element-button\" href=\"https:\/\/theflowerloom.com\/de\/pure-wool\/\">Reine Wolle<\/a><\/div>\n<\/div>\n<\/div>\n\n\n\n<div class=\"wp-block-column is-layout-flow wp-block-column-is-layout-flow\">\n<div class=\"wp-block-buttons is-layout-flex wp-block-buttons-is-layout-flex\">\n<div class=\"wp-block-button aligncenter\"><a class=\"wp-block-button__link wp-element-button\" href=\"https:\/\/theflowerloom.com\/de\/pure-silk\/\">Reine Seide<\/a><\/div>\n<\/div>\n<\/div>\n\n\n\n<div class=\"wp-block-column is-layout-flow wp-block-column-is-layout-flow\">\n<div class=\"wp-block-buttons is-layout-flex wp-block-buttons-is-layout-flex\">\n<div class=\"wp-block-button aligncenter\"><a class=\"wp-block-button__link wp-element-button\" href=\"https:\/\/theflowerloom.com\/de\/wool-silk\/\">Wolle\/Seide<\/a><\/div>\n<\/div>\n<\/div>\n<\/div>\n\n\n\n<div class=\"wp-block-columns alignwide is-layout-flex wp-container-core-columns-is-layout-9d6595d7 wp-block-columns-is-layout-flex\">\n<div class=\"wp-block-column is-layout-flow wp-block-column-is-layout-flow\">\n<figure class=\"wp-block-image size-large\"><img loading=\"lazy\" decoding=\"async\" width=\"765\" height=\"1024\" src=\"https:\/\/theflowerloom.com\/wp-content\/uploads\/2022\/09\/fine-wool-1-765x1024.jpg\" alt=\"\" class=\"wp-image-69\" srcset=\"https:\/\/theflowerloom.com\/wp-content\/uploads\/2022\/09\/fine-wool-1-765x1024.jpg 765w, https:\/\/theflowerloom.com\/wp-content\/uploads\/2022\/09\/fine-wool-1-224x300.jpg 224w, https:\/\/theflowerloom.com\/wp-content\/uploads\/2022\/09\/fine-wool-1-768x1028.jpg 768w, https:\/\/theflowerloom.com\/wp-content\/uploads\/2022\/09\/fine-wool-1-1148x1536.jpg 1148w, https:\/\/theflowerloom.com\/wp-content\/uploads\/2022\/09\/fine-wool-1-1531x2048.jpg 1531w, https:\/\/theflowerloom.com\/wp-content\/uploads\/2022\/09\/fine-wool-1-scaled.jpg 1913w\" sizes=\"auto, (max-width: 765px) 100vw, 765px\" \/><\/figure>\n<\/div>\n\n\n\n<div class=\"wp-block-column is-layout-flow wp-block-column-is-layout-flow\">\n<figure class=\"wp-block-image size-full\"><img loading=\"lazy\" decoding=\"async\" width=\"462\" height=\"480\" src=\"https:\/\/theflowerloom.com\/wp-content\/uploads\/2022\/09\/reversible-silk-50-x-180-english-creations.jpg\" alt=\"\" class=\"wp-image-172\" srcset=\"https:\/\/theflowerloom.com\/wp-content\/uploads\/2022\/09\/reversible-silk-50-x-180-english-creations.jpg 462w, https:\/\/theflowerloom.com\/wp-content\/uploads\/2022\/09\/reversible-silk-50-x-180-english-creations-289x300.jpg 289w\" sizes=\"auto, (max-width: 462px) 100vw, 462px\" \/><\/figure>\n<\/div>\n\n\n\n<div class=\"wp-block-column is-layout-flow wp-block-column-is-layout-flow\">\n<figure class=\"wp-block-image size-large\"><img loading=\"lazy\" decoding=\"async\" width=\"754\" height=\"1024\" src=\"https:\/\/theflowerloom.com\/wp-content\/uploads\/2022\/09\/wool-silk-754x1024.jpg\" alt=\"\" class=\"wp-image-71\" srcset=\"https:\/\/theflowerloom.com\/wp-content\/uploads\/2022\/09\/wool-silk-754x1024.jpg 754w, https:\/\/theflowerloom.com\/wp-content\/uploads\/2022\/09\/wool-silk-221x300.jpg 221w, https:\/\/theflowerloom.com\/wp-content\/uploads\/2022\/09\/wool-silk-768x1043.jpg 768w, https:\/\/theflowerloom.com\/wp-content\/uploads\/2022\/09\/wool-silk-1131x1536.jpg 1131w, https:\/\/theflowerloom.com\/wp-content\/uploads\/2022\/09\/wool-silk-1508x2048.jpg 1508w, https:\/\/theflowerloom.com\/wp-content\/uploads\/2022\/09\/wool-silk-scaled.jpg 1885w\" sizes=\"auto, (max-width: 754px) 100vw, 754px\" \/><\/figure>\n<\/div>\n<\/div>","protected":false},"excerpt":{"rendered":"<p>theflowerloom offers classic and simple accessories that are versatile and timeless. We also realize your own ideas for you. Our scarves and shawls are made of pure natural fibers. As a result, you get fashion in high-end quality &#8211; made of fine silk, luxurious merino wool, fine wool or exclusive wool\/silk compositions. We offer our [&hellip;]<\/p>\n","protected":false},"author":1,"featured_media":0,"parent":0,"menu_order":0,"comment_status":"closed","ping_status":"closed","template":"","meta":{"om_disable_all_campaigns":false,"_monsterinsights_skip_tracking":false,"_monsterinsights_sitenote_active":false,"_monsterinsights_sitenote_note":"","_monsterinsights_sitenote_category":0,"footnotes":""},"class_list":["post-86","page","type-page","status-publish","hentry"],"aioseo_notices":[],"_links":{"self":[{"href":"https:\/\/theflowerloom.com\/de\/wp-json\/wp\/v2\/pages\/86","targetHints":{"allow":["GET"]}}],"collection":[{"href":"https:\/\/theflowerloom.com\/de\/wp-json\/wp\/v2\/pages"}],"about":[{"href":"https:\/\/theflowerloom.com\/de\/wp-json\/wp\/v2\/types\/page"}],"author":[{"embeddable":true,"href":"https:\/\/theflowerloom.com\/de\/wp-json\/wp\/v2\/users\/1"}],"replies":[{"embeddable":true,"href":"https:\/\/theflowerloom.com\/de\/wp-json\/wp\/v2\/comments?post=86"}],"version-history":[{"count":25,"href":"https:\/\/theflowerloom.com\/de\/wp-json\/wp\/v2\/pages\/86\/revisions"}],"predecessor-version":[{"id":902,"href":"https:\/\/theflowerloom.com\/de\/wp-json\/wp\/v2\/pages\/86\/revisions\/902"}],"wp:attachment":[{"href":"https:\/\/theflowerloom.com\/de\/wp-json\/wp\/v2\/media?parent=86"}],"curies":[{"name":"wp","href":"https:\/\/api.w.org\/{rel}","templated":true}]}}