{"id":834,"date":"2022-10-01T13:02:15","date_gmt":"2022-10-01T13:02:15","guid":{"rendered":"https:\/\/theflowerloom.com\/?page_id=834"},"modified":"2022-10-24T07:13:45","modified_gmt":"2022-10-24T07:13:45","slug":"gi-label-for-empowered-people-and-guaranteed-quality","status":"publish","type":"page","link":"https:\/\/theflowerloom.com\/de\/gi-label-for-empowered-people-and-guaranteed-quality\/","title":{"rendered":"GI-Label - f\u00fcr garantierte Qualit\u00e4t und erm\u00e4chtigte Menschen"},"content":{"rendered":"<h2 class=\"alignwide wp-block-heading\">Was bedeutet \u201eGeografische Indikation\u201c? Warum ist sie wichtig?<\/h2>\n\n\n\n<div class=\"wp-block-columns alignwide is-layout-flex wp-container-core-columns-is-layout-9d6595d7 wp-block-columns-is-layout-flex\">\n<div class=\"wp-block-column is-layout-flow wp-block-column-is-layout-flow\">\n<p>Geografische Indikation (GI) ist ein Label, der von der Welthandelsorganisation (WTO) im Rahmen des TRIPS-Abkommens (Trade Related Aspects of Intellectual Property Rights) definiert wurde.<\/p>\n\n\n\n<p>Das GI-Label best\u00e4tigt nicht nur die geografische Herkunft eines Produktes, sondern auch seine Besonderheiten, die es aufgrund seiner Herkunft einzigartig machen. Beispiele f\u00fcr bekannte GI-Label sind \u201eChampagne\u201c, \u201eDarjeeling\u201c oder auch \u201eRoquefort\u201c.<\/p>\n\n\n\n<p>Die Registrierung unter dem GI-Label ist eine Best\u00e4tigung, dass das Produkt und sein Name wirklich aus der genannten Region stammen und dort mit traditionellen Methoden und Wissen hergestellt werden. Mit ihren unverwechselbaren Eigenschaften repr\u00e4sentieren diese Produkte die Herkunftsregion.<\/p>\n<\/div>\n<\/div>\n\n\n\n<div class=\"wp-block-columns alignwide is-layout-flex wp-container-core-columns-is-layout-9d6595d7 wp-block-columns-is-layout-flex\">\n<div class=\"wp-block-column is-layout-flow wp-block-column-is-layout-flow\">\n<h6 class=\"alignwide wp-block-heading\">Warum verdient nur \u201eKashmir Pashmina\u201c das GI-Label?<\/h6>\n\n\n\n<p>T\u00fccher aus reinem Pashmina in Kaschmir sind als \u201eKashmir Pashmina\u201c bekannt. Sie entstehen durch handwerkliches K\u00f6nnen, das seit Jahrhunderten von Generation zu Generation weitergegeben wird. Sie sind somit ein urspr\u00fcngliches Kunsthandwerk, das nur in der Region Kaschmir zu finden ist. Diese Einzigartigkeit der \u201eKashmir Pashmina\u201c best\u00e4tigt und bescheinigt das GI-Label.<\/p>\n\n\n\n<p>'Kashmir Pashmina' ist das erste Produkt, welches unter dem GI-Label aus der Kashmir Region registriert wurde. Mittlerweile sind neun Produkte registriert, darunter \u201eKashmiri Saffron\u201c und \u201eKashmiri Walnut Wood Carvings\u201c.<\/p>\n<\/div>\n\n\n\n<div class=\"wp-block-column is-layout-flow wp-block-column-is-layout-flow\"><div class=\"wp-block-image\">\n<figure class=\"aligncenter size-medium\"><img loading=\"lazy\" decoding=\"async\" width=\"300\" height=\"300\" src=\"https:\/\/theflowerloom.com\/wp-content\/uploads\/2022\/10\/image-300x300.png\" alt=\"\" class=\"wp-image-838\" srcset=\"https:\/\/theflowerloom.com\/wp-content\/uploads\/2022\/10\/image-300x300.png 300w, https:\/\/theflowerloom.com\/wp-content\/uploads\/2022\/10\/image-150x150.png 150w, https:\/\/theflowerloom.com\/wp-content\/uploads\/2022\/10\/image-12x12.png 12w, https:\/\/theflowerloom.com\/wp-content\/uploads\/2022\/10\/image.png 329w\" sizes=\"auto, (max-width: 300px) 100vw, 300px\" \/><\/figure>\n<\/div>\n\n\n<p class=\"has-text-align-center\">GI-Label f\u00fcr Kaschmir Pashmina<\/p>\n<\/div>\n<\/div>\n\n\n\n<div class=\"wp-block-columns alignwide is-layout-flex wp-container-core-columns-is-layout-9d6595d7 wp-block-columns-is-layout-flex\">\n<div class=\"wp-block-column is-layout-flow wp-block-column-is-layout-flow\">\n<h6 class=\"alignwide wp-block-heading\">Das GI-Zertifikat \u2013 Grant f\u00fcr echte Pashmina aus Kaschmir<\/h6>\n\n\n\n<p class=\"translation-block\">\u201eKashmir Pashmina\u201c ist seit 2005 als GI-Label registriert. Das Label ist Eigentum der Kashmiri Craft Association \u201eTahafuz\u201c (Urdu, bedeutet \u201eSchutz\u201c). Als anerkanntes Mitglied des GI-Label-Registers k\u00f6nnen Sie seit 2013 Pashmina T\u00fccher am Craft Development Institute (CDI) in Kaschmirs Hauptstadt Srinagar testen lassen. Nur wenn ein Tuch alle qualitativen Kriterien erf\u00fcllt, wird ein Zertifikat ausgestellt (<em>unten<\/em>) und ein GI-Etikett wird am Tuch angebracht (<em>rechts<\/em>).<\/p>\n\n\n\n<p>Das Zertifikat best\u00e4tigt nicht nur die Reinheit des Rohstoffs, sondern des gesamten Herstellungsprozesses; von der Reinigung des Rohmaterials per Hand \u00fcber die handgesponnenen F\u00e4den bis hin zum Weben bei Hand auf traditionellen Webst\u00fchlen.<\/p>\n<\/div>\n\n\n\n<div class=\"wp-block-column is-layout-flow wp-block-column-is-layout-flow\">\n<figure class=\"wp-block-image size-medium\"><img loading=\"lazy\" decoding=\"async\" width=\"527\" height=\"329\" src=\"https:\/\/theflowerloom.com\/wp-content\/uploads\/2022\/10\/Shawl-with-gi-label-edited-1.jpg\" alt=\"\" class=\"wp-image-846\" srcset=\"https:\/\/theflowerloom.com\/wp-content\/uploads\/2022\/10\/Shawl-with-gi-label-edited-1.jpg 527w, https:\/\/theflowerloom.com\/wp-content\/uploads\/2022\/10\/Shawl-with-gi-label-edited-1-300x187.jpg 300w, https:\/\/theflowerloom.com\/wp-content\/uploads\/2022\/10\/Shawl-with-gi-label-edited-1-18x12.jpg 18w\" sizes=\"auto, (max-width: 527px) 100vw, 527px\" \/><\/figure>\n\n\n\n<p class=\"has-text-align-center\">GI-Label auf einem Pashmina Tuch<\/p>\n<\/div>\n<\/div>\n\n\n\n<div class=\"wp-block-columns alignwide is-layout-flex wp-container-core-columns-is-layout-9d6595d7 wp-block-columns-is-layout-flex\">\n<div class=\"wp-block-column is-layout-flow wp-block-column-is-layout-flow\">\n<h6 class=\"has-text-align-center wp-block-heading\">Muster einer GI-Zertifikat<\/h6>\n\n\n<div class=\"wp-block-image\">\n<figure class=\"aligncenter size-full\"><img loading=\"lazy\" decoding=\"async\" width=\"620\" height=\"942\" src=\"https:\/\/theflowerloom.com\/wp-content\/uploads\/2022\/10\/Gi-certificate-blackout.jpg\" alt=\"\" class=\"wp-image-849\" srcset=\"https:\/\/theflowerloom.com\/wp-content\/uploads\/2022\/10\/Gi-certificate-blackout.jpg 620w, https:\/\/theflowerloom.com\/wp-content\/uploads\/2022\/10\/Gi-certificate-blackout-263x400.jpg 263w, https:\/\/theflowerloom.com\/wp-content\/uploads\/2022\/10\/Gi-certificate-blackout-8x12.jpg 8w\" sizes=\"auto, (max-width: 620px) 100vw, 620px\" \/><\/figure>\n<\/div>\n\n\n<div class=\"wp-block-buttons alignwide is-layout-flex wp-block-buttons-is-layout-flex\">\n<div class=\"wp-block-button aligncenter\"><a class=\"wp-block-button__link\" href=\"https:\/\/theflowerloom.com\/de\/contact\/\">Kontakt<\/a><\/div>\n<\/div>\n<\/div>\n\n\n\n<div class=\"wp-block-column is-layout-flow wp-block-column-is-layout-flow\">\n<h6 class=\"wp-block-heading\">'Kashmir Pashmina' im weltweiten Vergleich<\/h6>\n\n\n\n<p>Mehr als 4\/5 der gesamten Pashmina-Produktion stammt aus China und der Mongolei. Mittlerweile bieten auch andere L\u00e4nder wie Iran, Pakistan, Afghanistan, Neuseeland, Australien und Nepal dieses Luxusmaterial an.<\/p>\n\n\n\n<p>Der Rohstoff 'Pashm' (das feinste Unterhaar der Ziege, aus dem Pashmina hergestellt wird) von 'Kashmir Pashmina\u2018 ist jedoch von sehr hoher Qualit\u00e4t. Durch ihren nat\u00fcrlichen Lebensraum ist die 'Kashmir Pashmina'-Ziege in der Lage, 'Pashm' zu produzieren, das als das feinste und reinste der Welt gilt.<\/p>\n\n\n\n<p>Aber nicht nur der Rohstoff spielt f\u00fcr die GI-Kennzeichnung eine gro\u00dfe Rolle. Nur in der Region Kaschmir in Indien hat sich das jahrhundertealte Handwerk des Spinnens, Webens und Bestickens von Pashmina Schals und T\u00fcchern traditionell entwickelt. Den modernen Herstellungstechniken, die von anderen L\u00e4ndern \u00fcbernommen wurden, mangelt es jedoch an den traditionellen Webf\u00e4higkeiten und vor allem an den unvergleichlichen Bestickungsf\u00e4higkeiten der kaschmirischen Kunsthandwerker.<\/p>\n\n\n\n<p>Erst 2005 wurde die Einzigartigkeit dieser Herstellungskunst und die daraus resultierende Spitzenqualit\u00e4t von der WTO mit dem GI-Siegel f\u00fcr \u201eKashmir Pashmina\u201c best\u00e4tigt und zertifiziert.<\/p>\n\n\n\n<figure class=\"wp-block-image size-large\"><img loading=\"lazy\" decoding=\"async\" width=\"1600\" height=\"902\" src=\"https:\/\/theflowerloom.com\/wp-content\/uploads\/2022\/10\/glacier-in-Sonmarg-Thajiwas-Glacier-edited.jpeg\" alt=\"\" class=\"wp-image-859\" srcset=\"https:\/\/theflowerloom.com\/wp-content\/uploads\/2022\/10\/glacier-in-Sonmarg-Thajiwas-Glacier-edited.jpeg 1600w, https:\/\/theflowerloom.com\/wp-content\/uploads\/2022\/10\/glacier-in-Sonmarg-Thajiwas-Glacier-edited-300x169.jpeg 300w, https:\/\/theflowerloom.com\/wp-content\/uploads\/2022\/10\/glacier-in-Sonmarg-Thajiwas-Glacier-edited-1024x577.jpeg 1024w, https:\/\/theflowerloom.com\/wp-content\/uploads\/2022\/10\/glacier-in-Sonmarg-Thajiwas-Glacier-edited-768x433.jpeg 768w, https:\/\/theflowerloom.com\/wp-content\/uploads\/2022\/10\/glacier-in-Sonmarg-Thajiwas-Glacier-edited-1536x866.jpeg 1536w, https:\/\/theflowerloom.com\/wp-content\/uploads\/2022\/10\/glacier-in-Sonmarg-Thajiwas-Glacier-edited-18x10.jpeg 18w, https:\/\/theflowerloom.com\/wp-content\/uploads\/2022\/10\/glacier-in-Sonmarg-Thajiwas-Glacier-edited-1200x677.jpeg 1200w\" sizes=\"auto, (max-width: 1600px) 100vw, 1600px\" \/><figcaption>Thajiwas Glacier in Sonmarg, Kashmir<\/figcaption><\/figure>\n<\/div>\n<\/div>","protected":false},"excerpt":{"rendered":"<p>What does &#8216;Geographic Indication&#8217; mean? Why is it important? Geographical Indication (GI) is a label defined by the World Trade Organization (WTO) under the TRIPS (Trade Related Aspects of Intellectual Property Rights) agreement. The GI label not only confirms the geographical origin of a product, but also its special features that make it unique because [&hellip;]<\/p>\n","protected":false},"author":1,"featured_media":0,"parent":0,"menu_order":0,"comment_status":"closed","ping_status":"closed","template":"","meta":{"om_disable_all_campaigns":false,"_monsterinsights_skip_tracking":false,"_monsterinsights_sitenote_active":false,"_monsterinsights_sitenote_note":"","_monsterinsights_sitenote_category":0,"footnotes":""},"class_list":["post-834","page","type-page","status-publish","hentry"],"aioseo_notices":[],"_links":{"self":[{"href":"https:\/\/theflowerloom.com\/de\/wp-json\/wp\/v2\/pages\/834","targetHints":{"allow":["GET"]}}],"collection":[{"href":"https:\/\/theflowerloom.com\/de\/wp-json\/wp\/v2\/pages"}],"about":[{"href":"https:\/\/theflowerloom.com\/de\/wp-json\/wp\/v2\/types\/page"}],"author":[{"embeddable":true,"href":"https:\/\/theflowerloom.com\/de\/wp-json\/wp\/v2\/users\/1"}],"replies":[{"embeddable":true,"href":"https:\/\/theflowerloom.com\/de\/wp-json\/wp\/v2\/comments?post=834"}],"version-history":[{"count":18,"href":"https:\/\/theflowerloom.com\/de\/wp-json\/wp\/v2\/pages\/834\/revisions"}],"predecessor-version":[{"id":867,"href":"https:\/\/theflowerloom.com\/de\/wp-json\/wp\/v2\/pages\/834\/revisions\/867"}],"wp:attachment":[{"href":"https:\/\/theflowerloom.com\/de\/wp-json\/wp\/v2\/media?parent=834"}],"curies":[{"name":"wp","href":"https:\/\/api.w.org\/{rel}","templated":true}]}}