{"id":452,"date":"2022-09-23T08:13:08","date_gmt":"2022-09-23T08:13:08","guid":{"rendered":"https:\/\/theflowerloom.com\/?page_id=452"},"modified":"2022-10-24T10:33:33","modified_gmt":"2022-10-24T10:33:33","slug":"pashminas-with-design-unparalleled-and-rare-from-the-handloom","status":"publish","type":"page","link":"https:\/\/theflowerloom.com\/de\/pashminas-with-design-unparalleled-and-rare-from-the-handloom\/","title":{"rendered":"Pashminas mit Bestickung \u2013 die Erbst\u00fccke von Meisterhand"},"content":{"rendered":"<h3 class=\"has-text-align-center wp-block-heading\">Unikate von Hand gefertigt<\/h3>\n\n\n\n<div class=\"wp-block-columns alignwide is-layout-flex wp-container-core-columns-is-layout-9d6595d7 wp-block-columns-is-layout-flex\">\n<div class=\"wp-block-column is-layout-flow wp-block-column-is-layout-flow\"><div class=\"wp-block-image\">\n<figure class=\"aligncenter size-large is-resized\"><img decoding=\"async\" src=\"https:\/\/theflowerloom.com\/wp-content\/uploads\/2022\/09\/blue-border-shawl-white-edited.jpg\" alt=\"fine 'Palla&quot; hand embroidery on a pashmina shawl \" class=\"wp-image-782\" width=\"600\" srcset=\"https:\/\/theflowerloom.com\/wp-content\/uploads\/2022\/09\/blue-border-shawl-white-edited.jpg 1561w, https:\/\/theflowerloom.com\/wp-content\/uploads\/2022\/09\/blue-border-shawl-white-edited-300x169.jpg 300w, https:\/\/theflowerloom.com\/wp-content\/uploads\/2022\/09\/blue-border-shawl-white-edited-1024x575.jpg 1024w, https:\/\/theflowerloom.com\/wp-content\/uploads\/2022\/09\/blue-border-shawl-white-edited-768x431.jpg 768w, https:\/\/theflowerloom.com\/wp-content\/uploads\/2022\/09\/blue-border-shawl-white-edited-1536x863.jpg 1536w, https:\/\/theflowerloom.com\/wp-content\/uploads\/2022\/09\/blue-border-shawl-white-edited-18x10.jpg 18w, https:\/\/theflowerloom.com\/wp-content\/uploads\/2022\/09\/blue-border-shawl-white-edited-1200x674.jpg 1200w\" sizes=\"(max-width: 1561px) 100vw, 1561px\" \/><figcaption><strong>\u201eSozni\u201c-Pashmina Schal im Detail<\/strong><\/figcaption><\/figure>\n<\/div><\/div>\n\n\n\n<div class=\"wp-block-column is-layout-flow wp-block-column-is-layout-flow\"><div class=\"wp-block-image\">\n<figure class=\"aligncenter size-large is-resized\"><img decoding=\"async\" src=\"https:\/\/theflowerloom.com\/wp-content\/uploads\/2022\/09\/Kani-Tuch-edited.jpg\" alt=\"Handwoven 'Kani' Shawl - a weaving technique with bobbins\" class=\"wp-image-783\" width=\"600\" srcset=\"https:\/\/theflowerloom.com\/wp-content\/uploads\/2022\/09\/Kani-Tuch-edited.jpg 1532w, https:\/\/theflowerloom.com\/wp-content\/uploads\/2022\/09\/Kani-Tuch-edited-300x169.jpg 300w, https:\/\/theflowerloom.com\/wp-content\/uploads\/2022\/09\/Kani-Tuch-edited-1024x575.jpg 1024w, https:\/\/theflowerloom.com\/wp-content\/uploads\/2022\/09\/Kani-Tuch-edited-768x432.jpg 768w, https:\/\/theflowerloom.com\/wp-content\/uploads\/2022\/09\/Kani-Tuch-edited-18x10.jpg 18w, https:\/\/theflowerloom.com\/wp-content\/uploads\/2022\/09\/Kani-Tuch-edited-1200x674.jpg 1200w\" sizes=\"(max-width: 1532px) 100vw, 1532px\" \/><figcaption><strong>\u201eKani\u201c-Pashmina Schal im Detail<\/strong><\/figcaption><\/figure>\n<\/div><\/div>\n<\/div>\n\n\n\n<div class=\"wp-block-media-text alignwide is-stacked-on-mobile\"><figure class=\"wp-block-media-text__media\"><img loading=\"lazy\" decoding=\"async\" width=\"1024\" height=\"683\" src=\"https:\/\/theflowerloom.com\/wp-content\/uploads\/2022\/09\/weaving-upoad.jpg\" alt=\"Plain Pashmina shawl on an old fashioned Handloom\" class=\"wp-image-466 size-full\" srcset=\"https:\/\/theflowerloom.com\/wp-content\/uploads\/2022\/09\/weaving-upoad.jpg 1024w, https:\/\/theflowerloom.com\/wp-content\/uploads\/2022\/09\/weaving-upoad-300x200.jpg 300w, https:\/\/theflowerloom.com\/wp-content\/uploads\/2022\/09\/weaving-upoad-768x512.jpg 768w\" sizes=\"auto, (max-width: 1024px) 100vw, 1024px\" \/><\/figure><div class=\"wp-block-media-text__content\">\n<h6 class=\"wp-block-heading\">Von Hand gewebt<\/h6>\n\n\n\n<p>Zu T\u00fcchern, Stolen und Plaids gewebt, bezieht sich \u201ePashm\u201c in der kaschmirischen Sprache auf die rohe, ungesponnene Wolle der domestizierten Changthangi- oder \u201eChang-Ra\u201c-Ziege. Die Sammlung seiner weichen Unterwolle findet jedes Fr\u00fchjahr statt. Die Ziege wird gek\u00e4mmt und nicht geschoren. Nach dem Entfernen aller Verunreinigungen beginnt der lange Prozess des Spinnens und Webens von Pashmina. Jeder Schritt erfordert besondere F\u00e4higkeiten. Die Produktion von handgewebten Pashmina-T\u00fcchern besch\u00e4ftigt eine gro\u00dfe Anzahl von Menschen im Kaschmir-Tal.<\/p>\n<\/div><\/div>\n\n\n\n<div class=\"wp-block-media-text alignwide is-stacked-on-mobile is-vertically-aligned-top\"><figure class=\"wp-block-media-text__media\"><img loading=\"lazy\" decoding=\"async\" width=\"700\" height=\"465\" src=\"https:\/\/theflowerloom.com\/wp-content\/uploads\/2022\/09\/kani-loom-upload.jpg\" alt=\"A Kani Pashmina - a weaving technique with bobbins\" class=\"wp-image-467 size-full\" srcset=\"https:\/\/theflowerloom.com\/wp-content\/uploads\/2022\/09\/kani-loom-upload.jpg 700w, https:\/\/theflowerloom.com\/wp-content\/uploads\/2022\/09\/kani-loom-upload-300x199.jpg 300w\" sizes=\"auto, (max-width: 700px) 100vw, 700px\" \/><\/figure><div class=\"wp-block-media-text__content\">\n<h6 class=\"wp-block-heading\">\u2018Kani\u2019 Design<\/h6>\n\n\n\n<p>Handgewebte T\u00fccher werden auch mit eingewebten Mustern entworfen, die \u201eKani\u201c genannt werden. F\u00fcr einen einfachen gewebten Pashmina-Schal verwenden Weber Schiffchen zum Weben. Aber f\u00fcr einen \u201eKani\u201c-Schal betten Weber das Design mit Rohr- oder Holzspulen ein. Verschiedene Mogul-Muster, meist floral, machen den gr\u00f6\u00dften Teil des Designs aus. Das Weben des Stoffes folgt einem codierten Muster, analog zum kn\u00fcpfen eines Teppichs.<\/p>\n<\/div><\/div>\n\n\n\n<div class=\"wp-block-media-text alignwide is-stacked-on-mobile is-vertically-aligned-top\"><figure class=\"wp-block-media-text__media\"><img loading=\"lazy\" decoding=\"async\" width=\"468\" height=\"312\" src=\"https:\/\/theflowerloom.com\/wp-content\/uploads\/2022\/09\/sozni-making-1.jpg\" alt=\"A Pashmina Shawl is getting embroidered by a skillful Master\" class=\"wp-image-470 size-full\" srcset=\"https:\/\/theflowerloom.com\/wp-content\/uploads\/2022\/09\/sozni-making-1.jpg 468w, https:\/\/theflowerloom.com\/wp-content\/uploads\/2022\/09\/sozni-making-1-300x200.jpg 300w\" sizes=\"auto, (max-width: 468px) 100vw, 468px\" \/><\/figure><div class=\"wp-block-media-text__content\">\n<h6 class=\"wp-block-heading\" id=\"tw-target-text\"><strong>\u2018SOZNI\u2019 DESIGN <\/strong><\/h6>\n\n\n\n<p id=\"tw-target-text\">Feine Stickgarne und verschiedene Stichtechniken sind die Basis f\u00fcr diese Meisterkunst. Die Bestickung eines Schals von Hand kann einige Wochen bis zu zwei Jahren dauern. In Kaschmir finden Sie verschiedene Arten von Handstickereien f\u00fcr Pashmina-Schals. Zum einen \u201eSozni\u201c, eine feine Handarbeit mit verschiedenfarbigen Garnen, zum anderen \u201eTilla\u201c, ausgef\u00fchrt mit gold- und silberbeschichteten F\u00e4den.<\/p>\n<\/div><\/div>\n\n\n\n<p><\/p>\n\n\n\n<h3 class=\"has-text-align-center wp-block-heading\" id=\"tw-target-text\">\u2018Sozni\u2019 Pashmina <\/h3>\n\n\n\n<p>Hier sind einige Beispiele mit Details verschiedener handgewebter Pashmina-T\u00fccher mit \u201eSozni\u201c-Arbeit. Sie zeigen die wunderbare Handwerkskunst dieser handbestickten St\u00fccke.<\/p>\n\n\n\n<div class=\"wp-block-columns alignwide is-layout-flex wp-container-core-columns-is-layout-9d6595d7 wp-block-columns-is-layout-flex\">\n<div class=\"wp-block-column is-layout-flow wp-block-column-is-layout-flow\"><div class=\"wp-block-image\">\n<figure class=\"aligncenter size-large is-resized\"><img loading=\"lazy\" decoding=\"async\" src=\"https:\/\/theflowerloom.com\/wp-content\/uploads\/2022\/09\/Jalli-stole-23-detail-Monogramm-1-768x1024.jpeg\" alt=\"Blue Pashmina stole in Jalli design, hand signed by the embroidery Master\" class=\"wp-image-476\" width=\"300\" height=\"400\" srcset=\"https:\/\/theflowerloom.com\/wp-content\/uploads\/2022\/09\/Jalli-stole-23-detail-Monogramm-1-768x1024.jpeg 768w, https:\/\/theflowerloom.com\/wp-content\/uploads\/2022\/09\/Jalli-stole-23-detail-Monogramm-1-225x300.jpeg 225w, https:\/\/theflowerloom.com\/wp-content\/uploads\/2022\/09\/Jalli-stole-23-detail-Monogramm-1.jpeg 780w\" sizes=\"auto, (max-width: 300px) 100vw, 300px\" \/><\/figure>\n<\/div><\/div>\n\n\n\n<div class=\"wp-block-column is-layout-flow wp-block-column-is-layout-flow\"><div class=\"wp-block-image\">\n<figure class=\"aligncenter size-large is-resized\"><img decoding=\"async\" src=\"https:\/\/theflowerloom.com\/wp-content\/uploads\/2022\/09\/WhatsApp-Image-2022-01-15-at-3.55.47-PM-edited.jpeg\" alt=\"green Pashmina stole in Jalli design, hand signed by the embroidery Master\" class=\"wp-image-787\" width=\"300\" srcset=\"https:\/\/theflowerloom.com\/wp-content\/uploads\/2022\/09\/WhatsApp-Image-2022-01-15-at-3.55.47-PM-edited.jpeg 1022w, https:\/\/theflowerloom.com\/wp-content\/uploads\/2022\/09\/WhatsApp-Image-2022-01-15-at-3.55.47-PM-edited-300x400.jpeg 300w, https:\/\/theflowerloom.com\/wp-content\/uploads\/2022\/09\/WhatsApp-Image-2022-01-15-at-3.55.47-PM-edited-768x1023.jpeg 768w, https:\/\/theflowerloom.com\/wp-content\/uploads\/2022\/09\/WhatsApp-Image-2022-01-15-at-3.55.47-PM-edited-9x12.jpeg 9w\" sizes=\"(max-width: 1022px) 100vw, 1022px\" \/><\/figure>\n<\/div><\/div>\n\n\n\n<div class=\"wp-block-column is-layout-flow wp-block-column-is-layout-flow\"><div class=\"wp-block-image\">\n<figure class=\"aligncenter size-full is-resized\"><img decoding=\"async\" src=\"https:\/\/theflowerloom.com\/wp-content\/uploads\/2022\/09\/Creme-Jalli-stole-detail-edited.jpeg\" alt=\"Offwhite Pashmina stole in blue Jalli design, hand signed by the embroidery Master\" class=\"wp-image-788\" width=\"300\" srcset=\"https:\/\/theflowerloom.com\/wp-content\/uploads\/2022\/09\/Creme-Jalli-stole-detail-edited.jpeg 643w, https:\/\/theflowerloom.com\/wp-content\/uploads\/2022\/09\/Creme-Jalli-stole-detail-edited-300x400.jpeg 300w, https:\/\/theflowerloom.com\/wp-content\/uploads\/2022\/09\/Creme-Jalli-stole-detail-edited-9x12.jpeg 9w\" sizes=\"(max-width: 643px) 100vw, 643px\" \/><\/figure>\n<\/div><\/div>\n<\/div>\n\n\n\n<div class=\"wp-block-columns alignwide is-layout-flex wp-container-core-columns-is-layout-9d6595d7 wp-block-columns-is-layout-flex\">\n<div class=\"wp-block-column is-layout-flow wp-block-column-is-layout-flow\"><div class=\"wp-block-image\">\n<figure class=\"aligncenter size-full is-resized\"><img decoding=\"async\" src=\"https:\/\/theflowerloom.com\/wp-content\/uploads\/2022\/09\/25-b-edited.jpg\" alt=\"\" class=\"wp-image-791\" width=\"300\" srcset=\"https:\/\/theflowerloom.com\/wp-content\/uploads\/2022\/09\/25-b-edited.jpg 1079w, https:\/\/theflowerloom.com\/wp-content\/uploads\/2022\/09\/25-b-edited-300x400.jpg 300w, https:\/\/theflowerloom.com\/wp-content\/uploads\/2022\/09\/25-b-edited-767x1024.jpg 767w, https:\/\/theflowerloom.com\/wp-content\/uploads\/2022\/09\/25-b-edited-768x1026.jpg 768w, https:\/\/theflowerloom.com\/wp-content\/uploads\/2022\/09\/25-b-edited-9x12.jpg 9w\" sizes=\"(max-width: 1079px) 100vw, 1079px\" \/><\/figure>\n<\/div><\/div>\n\n\n\n<div class=\"wp-block-column is-layout-flow wp-block-column-is-layout-flow\"><div class=\"wp-block-image\">\n<figure class=\"aligncenter size-full is-resized\"><img decoding=\"async\" src=\"https:\/\/theflowerloom.com\/wp-content\/uploads\/2022\/09\/30-a-edited.jpg\" alt=\"Full embroidered black Pashmina Shawl in Paisley design\" class=\"wp-image-792\" width=\"300\" srcset=\"https:\/\/theflowerloom.com\/wp-content\/uploads\/2022\/09\/30-a-edited.jpg 810w, https:\/\/theflowerloom.com\/wp-content\/uploads\/2022\/09\/30-a-edited-300x400.jpg 300w, https:\/\/theflowerloom.com\/wp-content\/uploads\/2022\/09\/30-a-edited-769x1024.jpg 769w, https:\/\/theflowerloom.com\/wp-content\/uploads\/2022\/09\/30-a-edited-768x1023.jpg 768w, https:\/\/theflowerloom.com\/wp-content\/uploads\/2022\/09\/30-a-edited-9x12.jpg 9w\" sizes=\"(max-width: 810px) 100vw, 810px\" \/><\/figure>\n<\/div><\/div>\n\n\n\n<div class=\"wp-block-column is-layout-flow wp-block-column-is-layout-flow\"><div class=\"wp-block-image\">\n<figure class=\"aligncenter size-full is-resized\"><img decoding=\"async\" src=\"https:\/\/theflowerloom.com\/wp-content\/uploads\/2022\/09\/manzoor-Shawl-1-Baledaar-2-edited.jpeg\" alt=\"Pashmina stole with colored border weavings in stipe design and Hand embroeidery\" class=\"wp-image-794\" width=\"300\" srcset=\"https:\/\/theflowerloom.com\/wp-content\/uploads\/2022\/09\/manzoor-Shawl-1-Baledaar-2-edited.jpeg 666w, https:\/\/theflowerloom.com\/wp-content\/uploads\/2022\/09\/manzoor-Shawl-1-Baledaar-2-edited-300x400.jpeg 300w, https:\/\/theflowerloom.com\/wp-content\/uploads\/2022\/09\/manzoor-Shawl-1-Baledaar-2-edited-9x12.jpeg 9w\" sizes=\"(max-width: 666px) 100vw, 666px\" \/><\/figure>\n<\/div><\/div>\n<\/div>\n\n\n\n<div class=\"wp-block-columns alignwide is-layout-flex wp-container-core-columns-is-layout-9d6595d7 wp-block-columns-is-layout-flex\">\n<div class=\"wp-block-column is-layout-flow wp-block-column-is-layout-flow\"><div class=\"wp-block-image\">\n<figure class=\"aligncenter size-full is-resized\"><img decoding=\"async\" src=\"https:\/\/theflowerloom.com\/wp-content\/uploads\/2022\/09\/Jalli-stoles-3-pieces-edited.jpg\" alt=\"3 different Pashmina Jalli (Lace design) Stoles (\" class=\"wp-image-795\" width=\"500\" srcset=\"https:\/\/theflowerloom.com\/wp-content\/uploads\/2022\/09\/Jalli-stoles-3-pieces-edited.jpg 636w, https:\/\/theflowerloom.com\/wp-content\/uploads\/2022\/09\/Jalli-stoles-3-pieces-edited-300x225.jpg 300w, https:\/\/theflowerloom.com\/wp-content\/uploads\/2022\/09\/Jalli-stoles-3-pieces-edited-16x12.jpg 16w\" sizes=\"(max-width: 636px) 100vw, 636px\" \/><\/figure>\n<\/div><\/div>\n\n\n\n<div class=\"wp-block-column is-layout-flow wp-block-column-is-layout-flow\"><div class=\"wp-block-image\">\n<figure class=\"aligncenter size-full is-resized\"><img decoding=\"async\" src=\"https:\/\/theflowerloom.com\/wp-content\/uploads\/2022\/09\/Palla-Tuch-mit-zweifarbiger-Webung-edited.jpg\" alt=\"Shawl in dark blue with a off-white Palla at the border \" class=\"wp-image-796\" width=\"500\" srcset=\"https:\/\/theflowerloom.com\/wp-content\/uploads\/2022\/09\/Palla-Tuch-mit-zweifarbiger-Webung-edited.jpg 1158w, https:\/\/theflowerloom.com\/wp-content\/uploads\/2022\/09\/Palla-Tuch-mit-zweifarbiger-Webung-edited-300x225.jpg 300w, https:\/\/theflowerloom.com\/wp-content\/uploads\/2022\/09\/Palla-Tuch-mit-zweifarbiger-Webung-edited-1024x768.jpg 1024w, https:\/\/theflowerloom.com\/wp-content\/uploads\/2022\/09\/Palla-Tuch-mit-zweifarbiger-Webung-edited-768x576.jpg 768w, https:\/\/theflowerloom.com\/wp-content\/uploads\/2022\/09\/Palla-Tuch-mit-zweifarbiger-Webung-edited-16x12.jpg 16w\" sizes=\"(max-width: 1158px) 100vw, 1158px\" \/><\/figure>\n<\/div><\/div>\n<\/div>\n\n\n\n<div class=\"wp-block-columns alignwide is-layout-flex wp-container-core-columns-is-layout-9d6595d7 wp-block-columns-is-layout-flex\">\n<div class=\"wp-block-column is-layout-flow wp-block-column-is-layout-flow\"><div class=\"wp-block-image\">\n<figure class=\"aligncenter size-large is-resized\"><img loading=\"lazy\" decoding=\"async\" src=\"https:\/\/theflowerloom.com\/wp-content\/uploads\/2022\/09\/pashmina-shawl-light-grey-wih-border-edited.jpg\" alt=\"Hand embroidered Pashmina Stole withsmall corner elements in darkgrey\" class=\"wp-image-491\" width=\"320\" height=\"500\"\/><\/figure>\n<\/div><\/div>\n\n\n\n<div class=\"wp-block-column is-layout-flow wp-block-column-is-layout-flow\">\n<p class=\"has-text-align-center\"><strong>Handgewebte und handbestickte Pashminas vereinen zwei kaschmirische Meisterf\u00e4higkeiten und sind das Herzst\u00fcck der kaschmirischen Pashmina-K\u00fcnstler. Die in diesen T\u00fcchern verwendeten Techniken und Muster werden seit 500 Jahren von Generation zu Generation weitergegeben.<\/strong><\/p>\n\n\n\n<p class=\"has-text-align-center\" id=\"tw-target-text\"><strong>Wenn Sie Interesse an diesen Meisterwerken aus dem Kashmir Tal haben, senden wir Ihnen gerne die aktuell verf\u00fcgbaren Farben und Designs per E-Mail oder WhatsApp zu.<\/strong><\/p>\n\n\n\n<div class=\"wp-block-buttons is-layout-flex wp-block-buttons-is-layout-flex\">\n<div class=\"wp-block-button aligncenter\"><a class=\"wp-block-button__link\" href=\"https:\/\/theflowerloom.com\/de\/contact\/\">Kontakt<\/a><\/div>\n<\/div>\n<\/div>\n\n\n\n<div class=\"wp-block-column is-layout-flow wp-block-column-is-layout-flow\"><div class=\"wp-block-image\">\n<figure class=\"aligncenter size-large is-resized\"><img loading=\"lazy\" decoding=\"async\" src=\"https:\/\/theflowerloom.com\/wp-content\/uploads\/2022\/09\/pashmina-shawl-lightgrey-with-Baledaar-border-edited-1.jpg\" alt=\"Hand embroidered Pashmina Stole withsmall corner elements in lightgrey\" class=\"wp-image-800\" width=\"300\" height=\"450\"\/><\/figure>\n<\/div><\/div>\n<\/div>\n\n\n\n<h3 class=\"has-text-align-center wp-block-heading\">'Kani' Pashminas<\/h3>\n\n\n\n<p id=\"tw-target-text\">Hier sind einige Beispiele mit Details verschiedener handgewebter 'Kani\u2018 Pashmina-T\u00fccher. Das Design ist in verschiedenen Farben eingewebt.<\/p>\n\n\n\n<div class=\"wp-block-columns alignwide is-layout-flex wp-container-core-columns-is-layout-9d6595d7 wp-block-columns-is-layout-flex\">\n<div class=\"wp-block-column is-layout-flow wp-block-column-is-layout-flow\"><div class=\"wp-block-image\">\n<figure class=\"aligncenter size-large is-resized\"><img decoding=\"async\" src=\"https:\/\/theflowerloom.com\/wp-content\/uploads\/2022\/09\/kani-handloom-yellow-1-edited.jpg\" alt=\"\" class=\"wp-image-805\" width=\"320\" srcset=\"https:\/\/theflowerloom.com\/wp-content\/uploads\/2022\/09\/kani-handloom-yellow-1-edited.jpg 900w, https:\/\/theflowerloom.com\/wp-content\/uploads\/2022\/09\/kani-handloom-yellow-1-edited-300x400.jpg 300w, https:\/\/theflowerloom.com\/wp-content\/uploads\/2022\/09\/kani-handloom-yellow-1-edited-768x1024.jpg 768w, https:\/\/theflowerloom.com\/wp-content\/uploads\/2022\/09\/kani-handloom-yellow-1-edited-9x12.jpg 9w\" sizes=\"(max-width: 900px) 100vw, 900px\" \/><\/figure>\n<\/div><\/div>\n\n\n\n<div class=\"wp-block-column is-layout-flow wp-block-column-is-layout-flow\"><div class=\"wp-block-image\">\n<figure class=\"aligncenter size-full is-resized\"><img decoding=\"async\" src=\"https:\/\/theflowerloom.com\/wp-content\/uploads\/2022\/09\/striped-Kani-edited.jpg\" alt=\"\" class=\"wp-image-806\" width=\"320\" srcset=\"https:\/\/theflowerloom.com\/wp-content\/uploads\/2022\/09\/striped-Kani-edited.jpg 342w, https:\/\/theflowerloom.com\/wp-content\/uploads\/2022\/09\/striped-Kani-edited-300x400.jpg 300w, https:\/\/theflowerloom.com\/wp-content\/uploads\/2022\/09\/striped-Kani-edited-9x12.jpg 9w\" sizes=\"(max-width: 342px) 100vw, 342px\" \/><\/figure>\n<\/div><\/div>\n\n\n\n<div class=\"wp-block-column is-layout-flow wp-block-column-is-layout-flow\"><div class=\"wp-block-image\">\n<figure class=\"aligncenter size-full is-resized\"><img decoding=\"async\" src=\"https:\/\/theflowerloom.com\/wp-content\/uploads\/2022\/09\/Kani-stole-Handwoven-with-Kani-palla-and-stripes-edited.jpeg\" alt=\"\" class=\"wp-image-807\" width=\"320\" srcset=\"https:\/\/theflowerloom.com\/wp-content\/uploads\/2022\/09\/Kani-stole-Handwoven-with-Kani-palla-and-stripes-edited.jpeg 722w, https:\/\/theflowerloom.com\/wp-content\/uploads\/2022\/09\/Kani-stole-Handwoven-with-Kani-palla-and-stripes-edited-300x400.jpeg 300w, https:\/\/theflowerloom.com\/wp-content\/uploads\/2022\/09\/Kani-stole-Handwoven-with-Kani-palla-and-stripes-edited-9x12.jpeg 9w\" sizes=\"(max-width: 722px) 100vw, 722px\" \/><\/figure>\n<\/div><\/div>\n<\/div>\n\n\n\n<div class=\"wp-block-columns alignwide is-layout-flex wp-container-core-columns-is-layout-9d6595d7 wp-block-columns-is-layout-flex\">\n<div class=\"wp-block-column is-layout-flow wp-block-column-is-layout-flow\"><div class=\"wp-block-image\">\n<figure class=\"aligncenter size-full is-resized\"><img decoding=\"async\" src=\"https:\/\/theflowerloom.com\/wp-content\/uploads\/2022\/09\/Lightgrey-Kani-Palla-detail-edited.jpeg\" alt=\"\" class=\"wp-image-809\" width=\"500\" srcset=\"https:\/\/theflowerloom.com\/wp-content\/uploads\/2022\/09\/Lightgrey-Kani-Palla-detail-edited.jpeg 696w, https:\/\/theflowerloom.com\/wp-content\/uploads\/2022\/09\/Lightgrey-Kani-Palla-detail-edited-300x169.jpeg 300w, https:\/\/theflowerloom.com\/wp-content\/uploads\/2022\/09\/Lightgrey-Kani-Palla-detail-edited-18x10.jpeg 18w\" sizes=\"(max-width: 696px) 100vw, 696px\" \/><\/figure>\n<\/div>\n\n<div class=\"wp-block-image\">\n<figure class=\"aligncenter size-full is-resized\"><img decoding=\"async\" src=\"https:\/\/theflowerloom.com\/wp-content\/uploads\/2022\/09\/NaturweIsser-Schal-Kani-mit-Karo-edited.jpeg\" alt=\"\" class=\"wp-image-810\" width=\"500\" srcset=\"https:\/\/theflowerloom.com\/wp-content\/uploads\/2022\/09\/NaturweIsser-Schal-Kani-mit-Karo-edited.jpeg 679w, https:\/\/theflowerloom.com\/wp-content\/uploads\/2022\/09\/NaturweIsser-Schal-Kani-mit-Karo-edited-300x169.jpeg 300w, https:\/\/theflowerloom.com\/wp-content\/uploads\/2022\/09\/NaturweIsser-Schal-Kani-mit-Karo-edited-18x10.jpeg 18w\" sizes=\"(max-width: 679px) 100vw, 679px\" \/><\/figure>\n<\/div><\/div>\n\n\n\n<div class=\"wp-block-column is-layout-flow wp-block-column-is-layout-flow\"><div class=\"wp-block-image\">\n<figure class=\"aligncenter size-large is-resized\"><img loading=\"lazy\" decoding=\"async\" src=\"https:\/\/theflowerloom.com\/wp-content\/uploads\/2022\/09\/Natural-Brown-kani-Palla-detail-1-768x1024.jpeg\" alt=\"\" class=\"wp-image-503\" width=\"500\" height=\"635\"\/><\/figure>\n<\/div><\/div>\n<\/div>\n\n\n\n<div class=\"wp-block-columns alignwide is-layout-flex wp-container-core-columns-is-layout-9d6595d7 wp-block-columns-is-layout-flex\">\n<div class=\"wp-block-column is-layout-flow wp-block-column-is-layout-flow\"><div class=\"wp-block-image\">\n<figure class=\"aligncenter size-full is-resized\"><img decoding=\"async\" src=\"https:\/\/theflowerloom.com\/wp-content\/uploads\/2022\/09\/Woodbrown-Palla-Kani-detail-1-edited.jpeg\" alt=\"\" class=\"wp-image-812\" width=\"320\" srcset=\"https:\/\/theflowerloom.com\/wp-content\/uploads\/2022\/09\/Woodbrown-Palla-Kani-detail-1-edited.jpeg 316w, https:\/\/theflowerloom.com\/wp-content\/uploads\/2022\/09\/Woodbrown-Palla-Kani-detail-1-edited-300x400.jpeg 300w, https:\/\/theflowerloom.com\/wp-content\/uploads\/2022\/09\/Woodbrown-Palla-Kani-detail-1-edited-9x12.jpeg 9w\" sizes=\"(max-width: 316px) 100vw, 316px\" \/><\/figure>\n<\/div><\/div>\n\n\n\n<div class=\"wp-block-column is-layout-flow wp-block-column-is-layout-flow\"><div class=\"wp-block-image\">\n<figure class=\"aligncenter size-full is-resized\"><img decoding=\"async\" src=\"https:\/\/theflowerloom.com\/wp-content\/uploads\/2022\/09\/Cremefarbernes-Kani-Tuch-edited.jpeg\" alt=\"\" class=\"wp-image-813\" width=\"320\" srcset=\"https:\/\/theflowerloom.com\/wp-content\/uploads\/2022\/09\/Cremefarbernes-Kani-Tuch-edited.jpeg 533w, https:\/\/theflowerloom.com\/wp-content\/uploads\/2022\/09\/Cremefarbernes-Kani-Tuch-edited-300x400.jpeg 300w, https:\/\/theflowerloom.com\/wp-content\/uploads\/2022\/09\/Cremefarbernes-Kani-Tuch-edited-9x12.jpeg 9w\" sizes=\"(max-width: 533px) 100vw, 533px\" \/><\/figure>\n<\/div><\/div>\n\n\n\n<div class=\"wp-block-column is-layout-flow wp-block-column-is-layout-flow\"><div class=\"wp-block-image\">\n<figure class=\"aligncenter size-full is-resized\"><img loading=\"lazy\" decoding=\"async\" src=\"https:\/\/theflowerloom.com\/wp-content\/uploads\/2022\/09\/Grey-Palla-Kani-detail.jpeg\" alt=\"\" class=\"wp-image-509\" width=\"320\" height=\"400\"\/><\/figure>\n<\/div><\/div>\n<\/div>","protected":false},"excerpt":{"rendered":"<p>Unique pieces made by hand Handwoven Woven into shawls, stoles and plaids, &#8216;Pashm&#8217; in the Kashmiri language refers to the raw, unspun wool of the domesticated Changthangi or &#8216;Chang-Ra&#8217; goat. The collection of it&#8217;s soft undercoat takes place each spring. The goat is combed rather than shaved. After the removal of all the impurities, the [&hellip;]<\/p>\n","protected":false},"author":1,"featured_media":0,"parent":0,"menu_order":0,"comment_status":"closed","ping_status":"closed","template":"","meta":{"om_disable_all_campaigns":false,"_monsterinsights_skip_tracking":false,"_monsterinsights_sitenote_active":false,"_monsterinsights_sitenote_note":"","_monsterinsights_sitenote_category":0,"footnotes":""},"class_list":["post-452","page","type-page","status-publish","hentry"],"aioseo_notices":[],"_links":{"self":[{"href":"https:\/\/theflowerloom.com\/de\/wp-json\/wp\/v2\/pages\/452","targetHints":{"allow":["GET"]}}],"collection":[{"href":"https:\/\/theflowerloom.com\/de\/wp-json\/wp\/v2\/pages"}],"about":[{"href":"https:\/\/theflowerloom.com\/de\/wp-json\/wp\/v2\/types\/page"}],"author":[{"embeddable":true,"href":"https:\/\/theflowerloom.com\/de\/wp-json\/wp\/v2\/users\/1"}],"replies":[{"embeddable":true,"href":"https:\/\/theflowerloom.com\/de\/wp-json\/wp\/v2\/comments?post=452"}],"version-history":[{"count":28,"href":"https:\/\/theflowerloom.com\/de\/wp-json\/wp\/v2\/pages\/452\/revisions"}],"predecessor-version":[{"id":881,"href":"https:\/\/theflowerloom.com\/de\/wp-json\/wp\/v2\/pages\/452\/revisions\/881"}],"wp:attachment":[{"href":"https:\/\/theflowerloom.com\/de\/wp-json\/wp\/v2\/media?parent=452"}],"curies":[{"name":"wp","href":"https:\/\/api.w.org\/{rel}","templated":true}]}}