{"id":437,"date":"2022-09-23T07:37:43","date_gmt":"2022-09-23T07:37:43","guid":{"rendered":"https:\/\/theflowerloom.com\/?page_id=437"},"modified":"2023-01-30T12:24:07","modified_gmt":"2023-01-30T12:24:07","slug":"pashmina-its-your-ultimate-heirloom-from-heaven","status":"publish","type":"page","link":"https:\/\/theflowerloom.com\/de\/pashmina-its-your-ultimate-heirloom-from-heaven\/","title":{"rendered":"Pshmina - himmlisch weich"},"content":{"rendered":"<div class=\"wp-block-columns alignwide is-layout-flex wp-container-core-columns-is-layout-9d6595d7 wp-block-columns-is-layout-flex\">\n<div class=\"wp-block-column is-layout-flow wp-block-column-is-layout-flow\" style=\"flex-basis:50%\">\n<p><em><strong>Der Export von Pashmina aus Indien ist derzeit eingeschr\u00e4nkt durch die aktuellen Bem\u00fchungen des indischen Zolls, den Export von Schals aus illegaler Antilopenhaar (Shatoosh) zu stoppen. \nShatoosh steht unter strengem Artenschutz und wird oft mit Pashmina verwechselt.<\/strong><\/em><\/p>\n<\/div>\n\n\n\n<div class=\"wp-block-column is-layout-flow wp-block-column-is-layout-flow\" style=\"flex-basis:50%\">\n<p class=\"translation-block\">theflowerloom unterst\u00fctzt diese Bem\u00fchungen. Sobald rechtliche Differenzierungen gekl\u00e4rt sind, werden wir unsere Pashmina wieder liefern.<\/p>\n<\/div>\n<\/div>\n\n\n\n<div class=\"wp-block-columns alignwide is-layout-flex wp-container-core-columns-is-layout-9d6595d7 wp-block-columns-is-layout-flex\">\n<div class=\"wp-block-column is-layout-flow wp-block-column-is-layout-flow\"><div class=\"wp-block-image\">\n<figure class=\"aligncenter size-large is-resized\"><img loading=\"lazy\" decoding=\"async\" src=\"https:\/\/theflowerloom.com\/wp-content\/uploads\/2022\/09\/Jalli-stole-23-detail-Monogramm-768x1024.jpeg\" alt=\"\" class=\"wp-image-438\" width=\"300\" height=\"400\" srcset=\"https:\/\/theflowerloom.com\/wp-content\/uploads\/2022\/09\/Jalli-stole-23-detail-Monogramm-768x1024.jpeg 768w, https:\/\/theflowerloom.com\/wp-content\/uploads\/2022\/09\/Jalli-stole-23-detail-Monogramm-225x300.jpeg 225w, https:\/\/theflowerloom.com\/wp-content\/uploads\/2022\/09\/Jalli-stole-23-detail-Monogramm.jpeg 780w\" sizes=\"auto, (max-width: 300px) 100vw, 300px\" \/><\/figure>\n<\/div><\/div>\n\n\n\n<div class=\"wp-block-column is-layout-flow wp-block-column-is-layout-flow\"><div class=\"wp-block-image\">\n<figure class=\"aligncenter size-full is-resized\"><img decoding=\"async\" src=\"https:\/\/theflowerloom.com\/wp-content\/uploads\/2022\/09\/Ziege-edited.jpg\" alt=\"\" class=\"wp-image-657\" width=\"300\" srcset=\"https:\/\/theflowerloom.com\/wp-content\/uploads\/2022\/09\/Ziege-edited.jpg 198w, https:\/\/theflowerloom.com\/wp-content\/uploads\/2022\/09\/Ziege-edited-9x12.jpg 9w\" sizes=\"(max-width: 198px) 100vw, 198px\" \/><\/figure>\n<\/div><\/div>\n\n\n\n<div class=\"wp-block-column is-layout-flow wp-block-column-is-layout-flow\"><div class=\"wp-block-image\">\n<figure class=\"aligncenter size-full is-resized\"><img decoding=\"async\" src=\"https:\/\/theflowerloom.com\/wp-content\/uploads\/2022\/09\/Kani-shawl-full-edited.jpeg\" alt=\"\" class=\"wp-image-658\" width=\"300\" srcset=\"https:\/\/theflowerloom.com\/wp-content\/uploads\/2022\/09\/Kani-shawl-full-edited.jpeg 522w, https:\/\/theflowerloom.com\/wp-content\/uploads\/2022\/09\/Kani-shawl-full-edited-300x400.jpeg 300w, https:\/\/theflowerloom.com\/wp-content\/uploads\/2022\/09\/Kani-shawl-full-edited-9x12.jpeg 9w\" sizes=\"(max-width: 522px) 100vw, 522px\" \/><\/figure>\n<\/div><\/div>\n<\/div>\n\n\n\n<div class=\"wp-block-columns alignwide is-layout-flex wp-container-core-columns-is-layout-9d6595d7 wp-block-columns-is-layout-flex\">\n<div class=\"wp-block-column is-layout-flow wp-block-column-is-layout-flow\">\n<h2 class=\"wp-block-heading\">Was ist Pashmina?<\/h2>\n\n\n\n<p><br>Das Wort Pashmina kommt vom persischen Wort \u201epashm\u201c, welches \u201eweiches Gold\u201c bedeutet. Es beschreibt das feinste und l\u00e4ngste Unterhaar der tibetischen Changthangi- oder \u201eChang-Ra\u201c-Ziege. Chang-Ra-Ziegen sind in den Regionen Ladakh und Tibet im Himalaya beheimatet.<\/p>\n\n\n\n<p>In gro\u00dfen H\u00f6hen gewachsen ist reines Pashmina nicht nur die feinste, sondern auch die \u00e4lteste und wahrscheinlich luxuri\u00f6seste Haarfaser.<\/p>\n\n\n\n<p>Pashmina ist das feinste und weichste Haar im Hals- und Bauchbereich einer Chang-Ra-Ziege. Je intensiver die winterlichen Klimabedingungen sind, desto l\u00e4nger wachsen diese Haare. Und je l\u00e4nger das Haar, desto feiner ist das daraus gesponnene Garn. Die besten Bedingungen daf\u00fcr finden sich oberhalb von 4500 m H\u00f6he. Im Fr\u00fchjahr, wenn die Chang-Ra ihr Winterfell verliert, wird die feine, seidige Unterwolle ausgek\u00e4mmt und eingesammelt. Die Haare im Nacken- und Bauchbereich, die am l\u00e4ngsten und von sehr hoher Qualit\u00e4t sind, machen die edle Pashmina aus. Eine Ziege gibt etwa 200 g Pashmina pro Jahr. Das k\u00fcrzere Haar der Ziege wird als \u201eCashmere\u201c-Faser verarbeitet.<\/p>\n\n\n\n<p>W\u00e4hrend eine Cashmerefaser nach gestezlichen Standart Richtlinien einen Durchmesser von weniger als 19 Mikron haben sollte, ist Pashmina viel feiner: weniger als 15 Mikron. Beim Spinnen dieser feinen Haare entstehen mikroskopisch kleine Lufteinschl\u00fcsse. Sie sind der Grund f\u00fcr die einzigartige W\u00e4rme und Weichheit von reinem Pashmina.<\/p>\n\n\n\n<p><strong>Pashmina ist die feinste Cashmere-Qualit\u00e4t. Jedes Pashmina ist Cashmere, aber nicht jedes Cashmere ist Pashmina.<\/strong><\/p>\n\n\n\n<p>Leider ist \u201ePashmina\u201c kein gesch\u00fctzter Markenname. Wenn Sie mehr \u00fcber die Bem\u00fchungen der WTO zum Schutz und zur Anerkennung von echtem Pashmina aus dem Kashmir Tal, \u201eKashmir Pashmina\u201c genannt, erfahren m\u00f6chten, klicken Sie bitte auf den folgenden Link:<\/p>\n\n\n\n<div class=\"wp-block-buttons is-layout-flex wp-block-buttons-is-layout-flex\">\n<div class=\"wp-block-button aligncenter\"><a class=\"wp-block-button__link wp-element-button\" href=\"https:\/\/theflowerloom.com\/de\/gi-label-for-empowered-people-and-guaranteed-quality\/\">GI-Label f\u00fcr Pashmina<\/a><\/div>\n<\/div>\n\n\n<div class=\"wp-block-image\">\n<figure class=\"aligncenter size-medium is-resized\"><img loading=\"lazy\" decoding=\"async\" src=\"https:\/\/theflowerloom.com\/wp-content\/uploads\/2022\/09\/GI-Label-edited-300x300.png\" alt=\"\" class=\"wp-image-699\" width=\"250\" height=\"250\" srcset=\"https:\/\/theflowerloom.com\/wp-content\/uploads\/2022\/09\/GI-Label-edited-300x300.png 300w, https:\/\/theflowerloom.com\/wp-content\/uploads\/2022\/09\/GI-Label-edited-150x150.png 150w, https:\/\/theflowerloom.com\/wp-content\/uploads\/2022\/09\/GI-Label-edited-12x12.png 12w, https:\/\/theflowerloom.com\/wp-content\/uploads\/2022\/09\/GI-Label-edited.png 311w\" sizes=\"auto, (max-width: 250px) 100vw, 250px\" \/><\/figure>\n<\/div><\/div>\n\n\n\n<div class=\"wp-block-column is-layout-flow wp-block-column-is-layout-flow\">\n<h2 class=\"has-text-align-center wp-block-heading\">Unsere Pashminas<\/h2>\n\n\n\n<div class=\"wp-block-columns are-vertically-aligned-center is-layout-flex wp-container-core-columns-is-layout-9d6595d7 wp-block-columns-is-layout-flex\">\n<div class=\"wp-block-column is-vertically-aligned-center is-layout-flow wp-block-column-is-layout-flow\">\n<div class=\"wp-block-buttons is-content-justification-right is-layout-flex wp-container-core-buttons-is-layout-765c4724 wp-block-buttons-is-layout-flex\">\n<div class=\"wp-block-button has-custom-width wp-block-button__width-100\"><a class=\"wp-block-button__link wp-element-button\">Pashminas mit Bestickung<\/a><\/div>\n<\/div>\n<\/div>\n\n\n\n<div class=\"wp-block-column is-vertically-aligned-center is-layout-flow wp-block-column-is-layout-flow\">\n<figure class=\"wp-block-image size-medium is-resized\"><img loading=\"lazy\" decoding=\"async\" src=\"https:\/\/theflowerloom.com\/wp-content\/uploads\/2022\/09\/Stole-creme-with-red-Jalli-detail-turned-1-300x400.jpeg\" alt=\"\" class=\"wp-image-687\" width=\"225\" height=\"300\" srcset=\"https:\/\/theflowerloom.com\/wp-content\/uploads\/2022\/09\/Stole-creme-with-red-Jalli-detail-turned-1-300x400.jpeg 300w, https:\/\/theflowerloom.com\/wp-content\/uploads\/2022\/09\/Stole-creme-with-red-Jalli-detail-turned-1-9x12.jpeg 9w, https:\/\/theflowerloom.com\/wp-content\/uploads\/2022\/09\/Stole-creme-with-red-Jalli-detail-turned-1.jpeg 695w\" sizes=\"auto, (max-width: 225px) 100vw, 225px\" \/><\/figure>\n<\/div>\n<\/div>\n\n\n\n<div class=\"wp-block-columns alignwide are-vertically-aligned-center is-layout-flex wp-container-core-columns-is-layout-9d6595d7 wp-block-columns-is-layout-flex\">\n<div class=\"wp-block-column is-vertically-aligned-center is-layout-flow wp-block-column-is-layout-flow\">\n<figure class=\"wp-block-image size-medium is-resized\"><img loading=\"lazy\" decoding=\"async\" src=\"https:\/\/theflowerloom.com\/wp-content\/uploads\/2022\/09\/Plain-Pashmina-Homepage-2-edited-300x400.jpeg\" alt=\"\" class=\"wp-image-668\" width=\"225\" height=\"300\" srcset=\"https:\/\/theflowerloom.com\/wp-content\/uploads\/2022\/09\/Plain-Pashmina-Homepage-2-edited-300x400.jpeg 300w, https:\/\/theflowerloom.com\/wp-content\/uploads\/2022\/09\/Plain-Pashmina-Homepage-2-edited-9x12.jpeg 9w, https:\/\/theflowerloom.com\/wp-content\/uploads\/2022\/09\/Plain-Pashmina-Homepage-2-edited.jpeg 338w\" sizes=\"auto, (max-width: 225px) 100vw, 225px\" \/><\/figure>\n<\/div>\n\n\n\n<div class=\"wp-block-column is-vertically-aligned-center is-layout-flow wp-block-column-is-layout-flow\">\n<div class=\"wp-block-buttons is-layout-flex wp-container-core-buttons-is-layout-6b4e3324 wp-block-buttons-is-layout-flex\">\n<div class=\"wp-block-button aligncenter has-custom-width wp-block-button__width-100\"><a class=\"wp-block-button__link wp-element-button\">Einfarbige Pashminas<\/a><\/div>\n<\/div>\n<\/div>\n<\/div>\n\n\n\n<div class=\"wp-block-columns are-vertically-aligned-center is-layout-flex wp-container-core-columns-is-layout-9d6595d7 wp-block-columns-is-layout-flex\">\n<div class=\"wp-block-column is-vertically-aligned-center is-layout-flow wp-block-column-is-layout-flow\">\n<div class=\"wp-block-buttons is-layout-flex wp-block-buttons-is-layout-flex\">\n<div class=\"wp-block-button\"><a class=\"wp-block-button__link wp-element-button\">Kani Pashmina<\/a><\/div>\n<\/div>\n<\/div>\n\n\n\n<div class=\"wp-block-column is-vertically-aligned-center is-layout-flow wp-block-column-is-layout-flow\">\n<figure class=\"wp-block-image size-medium is-resized\"><img loading=\"lazy\" decoding=\"async\" src=\"https:\/\/theflowerloom.com\/wp-content\/uploads\/2022\/09\/Kani-shawl-with-rose-detail-1-300x400.jpeg\" alt=\"\" class=\"wp-image-691\" width=\"225\" height=\"300\" srcset=\"https:\/\/theflowerloom.com\/wp-content\/uploads\/2022\/09\/Kani-shawl-with-rose-detail-1-300x400.jpeg 300w, https:\/\/theflowerloom.com\/wp-content\/uploads\/2022\/09\/Kani-shawl-with-rose-detail-1-9x12.jpeg 9w, https:\/\/theflowerloom.com\/wp-content\/uploads\/2022\/09\/Kani-shawl-with-rose-detail-1.jpeg 643w\" sizes=\"auto, (max-width: 225px) 100vw, 225px\" \/><\/figure>\n<\/div>\n<\/div>\n<\/div>\n<\/div>","protected":false},"excerpt":{"rendered":"<p>Currently, the export of Pashmina from India is restricted due to current efforts by the Indian Customs to halt the export of illegal antelope hair (shatoosh). This is often mistaken with Pashmina and is under strictest species protection. At theflowerloom, we support these efforts. As soon as legal differentiations have been clarified, we will start [&hellip;]<\/p>\n","protected":false},"author":1,"featured_media":0,"parent":0,"menu_order":0,"comment_status":"closed","ping_status":"closed","template":"","meta":{"om_disable_all_campaigns":false,"_monsterinsights_skip_tracking":false,"_monsterinsights_sitenote_active":false,"_monsterinsights_sitenote_note":"","_monsterinsights_sitenote_category":0,"footnotes":""},"class_list":["post-437","page","type-page","status-publish","hentry"],"aioseo_notices":[],"_links":{"self":[{"href":"https:\/\/theflowerloom.com\/de\/wp-json\/wp\/v2\/pages\/437","targetHints":{"allow":["GET"]}}],"collection":[{"href":"https:\/\/theflowerloom.com\/de\/wp-json\/wp\/v2\/pages"}],"about":[{"href":"https:\/\/theflowerloom.com\/de\/wp-json\/wp\/v2\/types\/page"}],"author":[{"embeddable":true,"href":"https:\/\/theflowerloom.com\/de\/wp-json\/wp\/v2\/users\/1"}],"replies":[{"embeddable":true,"href":"https:\/\/theflowerloom.com\/de\/wp-json\/wp\/v2\/comments?post=437"}],"version-history":[{"count":29,"href":"https:\/\/theflowerloom.com\/de\/wp-json\/wp\/v2\/pages\/437\/revisions"}],"predecessor-version":[{"id":916,"href":"https:\/\/theflowerloom.com\/de\/wp-json\/wp\/v2\/pages\/437\/revisions\/916"}],"wp:attachment":[{"href":"https:\/\/theflowerloom.com\/de\/wp-json\/wp\/v2\/media?parent=437"}],"curies":[{"name":"wp","href":"https:\/\/api.w.org\/{rel}","templated":true}]}}