{"id":175,"date":"2022-09-06T07:50:45","date_gmt":"2022-09-06T07:50:45","guid":{"rendered":"https:\/\/theflowerloom.com\/?page_id=175"},"modified":"2023-01-30T10:37:54","modified_gmt":"2023-01-30T10:37:54","slug":"wool-silk","status":"publish","type":"page","link":"https:\/\/theflowerloom.com\/de\/wool-silk\/","title":{"rendered":"Das liebt auch die sensible Haut: Wolle mit Seide gemischt"},"content":{"rendered":"<div class=\"wp-block-columns alignwide is-layout-flex wp-container-core-columns-is-layout-9d6595d7 wp-block-columns-is-layout-flex\">\n<div class=\"wp-block-column is-layout-flow wp-block-column-is-layout-flow\">\n<p id=\"tw-target-text\">Bei diesen T\u00fcchern und Stolen vereinen sich zwei Naturmaterialien mit ihren besten Eigenschaften. Die Wolle ist nicht nur nat\u00fcrlich und biologisch abbaubar. Dieses Material ist au\u00dferdem extrem atmungsaktiv und statisch best\u00e4ndig.<\/p>\n<\/div>\n\n\n\n<div class=\"wp-block-column is-layout-flow wp-block-column-is-layout-flow\">\n<p id=\"tw-target-text\">Die Seide punktet mit ihren hypoallergenen Vorteilen. Sie ist f\u00fcr hautempfindliche und allergische Personen bestens geeignet. Fazit: T\u00fccher und Stolen aus Wolle\/Seide sind auch f\u00fcr die sensible Haut die perfekte Mischung f\u00fcr ein wundersch\u00f6nes Accessoire.<\/p>\n<\/div>\n<\/div>\n\n\n\n<div class=\"wp-block-columns alignwide is-layout-flex wp-container-core-columns-is-layout-9d6595d7 wp-block-columns-is-layout-flex\">\n<div class=\"wp-block-column is-layout-flow wp-block-column-is-layout-flow\"><div class=\"wp-block-image\">\n<figure class=\"aligncenter size-full is-resized\"><img decoding=\"async\" src=\"https:\/\/theflowerloom.com\/wp-content\/uploads\/2022\/09\/fine-wool-silk-diamond-weave-solid-colour-70-x-200-edited.jpg\" alt=\"\" class=\"wp-image-628\" width=\"300\" srcset=\"https:\/\/theflowerloom.com\/wp-content\/uploads\/2022\/09\/fine-wool-silk-diamond-weave-solid-colour-70-x-200-edited.jpg 569w, https:\/\/theflowerloom.com\/wp-content\/uploads\/2022\/09\/fine-wool-silk-diamond-weave-solid-colour-70-x-200-edited-226x400.jpg 226w, https:\/\/theflowerloom.com\/wp-content\/uploads\/2022\/09\/fine-wool-silk-diamond-weave-solid-colour-70-x-200-edited-7x12.jpg 7w\" sizes=\"(max-width: 569px) 100vw, 569px\" \/><figcaption class=\"wp-element-caption\">Einfarbige Wolle\/Seide in Diamandwebung<\/figcaption><\/figure>\n<\/div><\/div>\n\n\n\n<div class=\"wp-block-column is-layout-flow wp-block-column-is-layout-flow\"><div class=\"wp-block-image\">\n<figure class=\"aligncenter size-large is-resized\"><img decoding=\"async\" src=\"https:\/\/theflowerloom.com\/wp-content\/uploads\/2022\/09\/WoolSilk-check-edited-scaled.jpg\" alt=\"\" class=\"wp-image-630\" width=\"300\" srcset=\"https:\/\/theflowerloom.com\/wp-content\/uploads\/2022\/09\/WoolSilk-check-edited-scaled.jpg 1438w, https:\/\/theflowerloom.com\/wp-content\/uploads\/2022\/09\/WoolSilk-check-edited-225x400.jpg 225w, https:\/\/theflowerloom.com\/wp-content\/uploads\/2022\/09\/WoolSilk-check-edited-575x1024.jpg 575w, https:\/\/theflowerloom.com\/wp-content\/uploads\/2022\/09\/WoolSilk-check-edited-768x1367.jpg 768w, https:\/\/theflowerloom.com\/wp-content\/uploads\/2022\/09\/WoolSilk-check-edited-863x1536.jpg 863w, https:\/\/theflowerloom.com\/wp-content\/uploads\/2022\/09\/WoolSilk-check-edited-1151x2048.jpg 1151w, https:\/\/theflowerloom.com\/wp-content\/uploads\/2022\/09\/WoolSilk-check-edited-7x12.jpg 7w, https:\/\/theflowerloom.com\/wp-content\/uploads\/2022\/09\/WoolSilk-check-edited-1200x2136.jpg 1200w, https:\/\/theflowerloom.com\/wp-content\/uploads\/2022\/09\/WoolSilk-check-edited-1980x3524.jpg 1980w\" sizes=\"(max-width: 1438px) 100vw, 1438px\" \/><figcaption class=\"wp-element-caption\">Wolle\/Seide mit Karos<\/figcaption><\/figure>\n<\/div><\/div>\n\n\n\n<div class=\"wp-block-column is-layout-flow wp-block-column-is-layout-flow\"><div class=\"wp-block-image\">\n<figure class=\"aligncenter size-large is-resized\"><img decoding=\"async\" src=\"https:\/\/theflowerloom.com\/wp-content\/uploads\/2022\/09\/fine-wool-silk-matty-70-x-200-edited.jpg\" alt=\"\" class=\"wp-image-631\" width=\"300\" srcset=\"https:\/\/theflowerloom.com\/wp-content\/uploads\/2022\/09\/fine-wool-silk-matty-70-x-200-edited.jpg 635w, https:\/\/theflowerloom.com\/wp-content\/uploads\/2022\/09\/fine-wool-silk-matty-70-x-200-edited-225x400.jpg 225w, https:\/\/theflowerloom.com\/wp-content\/uploads\/2022\/09\/fine-wool-silk-matty-70-x-200-edited-576x1024.jpg 576w, https:\/\/theflowerloom.com\/wp-content\/uploads\/2022\/09\/fine-wool-silk-matty-70-x-200-edited-7x12.jpg 7w\" sizes=\"(max-width: 635px) 100vw, 635px\" \/><figcaption class=\"wp-element-caption\">Einfarbige Wolle\/Seide matt<\/figcaption><\/figure>\n<\/div><\/div>\n<\/div>\n\n\n\n<div class=\"wp-block-columns alignwide is-layout-flex wp-container-core-columns-is-layout-9d6595d7 wp-block-columns-is-layout-flex\">\n<div class=\"wp-block-column is-layout-flow wp-block-column-is-layout-flow\"><div class=\"wp-block-image\">\n<figure class=\"aligncenter size-large is-resized\"><img decoding=\"async\" src=\"https:\/\/theflowerloom.com\/wp-content\/uploads\/2022\/09\/IMG_20220426_163141-edited-scaled.jpg\" alt=\"\" class=\"wp-image-633\" width=\"300\" srcset=\"https:\/\/theflowerloom.com\/wp-content\/uploads\/2022\/09\/IMG_20220426_163141-edited-scaled.jpg 1441w, https:\/\/theflowerloom.com\/wp-content\/uploads\/2022\/09\/IMG_20220426_163141-edited-225x400.jpg 225w, https:\/\/theflowerloom.com\/wp-content\/uploads\/2022\/09\/IMG_20220426_163141-edited-577x1024.jpg 577w, https:\/\/theflowerloom.com\/wp-content\/uploads\/2022\/09\/IMG_20220426_163141-edited-768x1364.jpg 768w, https:\/\/theflowerloom.com\/wp-content\/uploads\/2022\/09\/IMG_20220426_163141-edited-865x1536.jpg 865w, https:\/\/theflowerloom.com\/wp-content\/uploads\/2022\/09\/IMG_20220426_163141-edited-1153x2048.jpg 1153w, https:\/\/theflowerloom.com\/wp-content\/uploads\/2022\/09\/IMG_20220426_163141-edited-7x12.jpg 7w, https:\/\/theflowerloom.com\/wp-content\/uploads\/2022\/09\/IMG_20220426_163141-edited-1200x2131.jpg 1200w\" sizes=\"(max-width: 1441px) 100vw, 1441px\" \/><figcaption class=\"wp-element-caption\">Wolle\/Seide mit Streifen<\/figcaption><\/figure>\n<\/div><\/div>\n\n\n\n<div class=\"wp-block-column is-layout-flow wp-block-column-is-layout-flow\"><div class=\"wp-block-image\">\n<figure class=\"aligncenter size-large is-resized\"><img decoding=\"async\" src=\"https:\/\/theflowerloom.com\/wp-content\/uploads\/2022\/09\/IMG_20220426_164132-edited-scaled.jpg\" alt=\"\" class=\"wp-image-634\" width=\"300\" srcset=\"https:\/\/theflowerloom.com\/wp-content\/uploads\/2022\/09\/IMG_20220426_164132-edited-scaled.jpg 1437w, https:\/\/theflowerloom.com\/wp-content\/uploads\/2022\/09\/IMG_20220426_164132-edited-225x400.jpg 225w, https:\/\/theflowerloom.com\/wp-content\/uploads\/2022\/09\/IMG_20220426_164132-edited-575x1024.jpg 575w, https:\/\/theflowerloom.com\/wp-content\/uploads\/2022\/09\/IMG_20220426_164132-edited-768x1368.jpg 768w, https:\/\/theflowerloom.com\/wp-content\/uploads\/2022\/09\/IMG_20220426_164132-edited-862x1536.jpg 862w, https:\/\/theflowerloom.com\/wp-content\/uploads\/2022\/09\/IMG_20220426_164132-edited-1150x2048.jpg 1150w, https:\/\/theflowerloom.com\/wp-content\/uploads\/2022\/09\/IMG_20220426_164132-edited-7x12.jpg 7w, https:\/\/theflowerloom.com\/wp-content\/uploads\/2022\/09\/IMG_20220426_164132-edited-1200x2138.jpg 1200w\" sizes=\"(max-width: 1437px) 100vw, 1437px\" \/><figcaption class=\"wp-element-caption\">Wolle\/Seide mit Karos<\/figcaption><\/figure>\n<\/div><\/div>\n\n\n\n<div class=\"wp-block-column is-layout-flow wp-block-column-is-layout-flow\"><div class=\"wp-block-image\">\n<figure class=\"aligncenter size-large is-resized\"><img decoding=\"async\" src=\"https:\/\/theflowerloom.com\/wp-content\/uploads\/2022\/09\/wool-silk-stripe-designer-70-x-180-9-edited.jpg\" alt=\"\" class=\"wp-image-635\" width=\"300\" srcset=\"https:\/\/theflowerloom.com\/wp-content\/uploads\/2022\/09\/wool-silk-stripe-designer-70-x-180-9-edited.jpg 591w, https:\/\/theflowerloom.com\/wp-content\/uploads\/2022\/09\/wool-silk-stripe-designer-70-x-180-9-edited-225x400.jpg 225w, https:\/\/theflowerloom.com\/wp-content\/uploads\/2022\/09\/wool-silk-stripe-designer-70-x-180-9-edited-576x1024.jpg 576w, https:\/\/theflowerloom.com\/wp-content\/uploads\/2022\/09\/wool-silk-stripe-designer-70-x-180-9-edited-7x12.jpg 7w\" sizes=\"(max-width: 591px) 100vw, 591px\" \/><figcaption class=\"wp-element-caption\">Blockstreifen in Wolle\/Seide<\/figcaption><\/figure>\n<\/div><\/div>\n<\/div>\n\n\n\n<h5 class=\"alignwide has-text-align-center wp-block-heading\">Die hier gezeigten Fotos sind Beispiele. Wir senden Ihnen gerne unseren Katalog zu.&nbsp;<\/h5>\n\n\n\n<div class=\"wp-block-buttons is-layout-flex wp-block-buttons-is-layout-flex\">\n<div class=\"wp-block-button aligncenter\"><a class=\"wp-block-button__link wp-element-button\" href=\"https:\/\/theflowerloom.com\/de\/contact\/\">Kontakt<\/a><\/div>\n<\/div>","protected":false},"excerpt":{"rendered":"<p>These scarves and shawls combine two natural materials with their best properties. Wool is not only natural and biodegradable. It is also extremely breathable and static resistant. Silk scores with its hypoallergenic properties. It is ideal for people with sensitive skin and allergies. Conclusion: Shawls and stoles made of wool mixed with silk are the [&hellip;]<\/p>\n","protected":false},"author":1,"featured_media":0,"parent":0,"menu_order":0,"comment_status":"closed","ping_status":"closed","template":"","meta":{"om_disable_all_campaigns":false,"_monsterinsights_skip_tracking":false,"_monsterinsights_sitenote_active":false,"_monsterinsights_sitenote_note":"","_monsterinsights_sitenote_category":0,"footnotes":""},"class_list":["post-175","page","type-page","status-publish","hentry"],"aioseo_notices":[],"_links":{"self":[{"href":"https:\/\/theflowerloom.com\/de\/wp-json\/wp\/v2\/pages\/175","targetHints":{"allow":["GET"]}}],"collection":[{"href":"https:\/\/theflowerloom.com\/de\/wp-json\/wp\/v2\/pages"}],"about":[{"href":"https:\/\/theflowerloom.com\/de\/wp-json\/wp\/v2\/types\/page"}],"author":[{"embeddable":true,"href":"https:\/\/theflowerloom.com\/de\/wp-json\/wp\/v2\/users\/1"}],"replies":[{"embeddable":true,"href":"https:\/\/theflowerloom.com\/de\/wp-json\/wp\/v2\/comments?post=175"}],"version-history":[{"count":13,"href":"https:\/\/theflowerloom.com\/de\/wp-json\/wp\/v2\/pages\/175\/revisions"}],"predecessor-version":[{"id":906,"href":"https:\/\/theflowerloom.com\/de\/wp-json\/wp\/v2\/pages\/175\/revisions\/906"}],"wp:attachment":[{"href":"https:\/\/theflowerloom.com\/de\/wp-json\/wp\/v2\/media?parent=175"}],"curies":[{"name":"wp","href":"https:\/\/api.w.org\/{rel}","templated":true}]}}