{"id":168,"date":"2022-09-06T07:02:43","date_gmt":"2022-09-06T07:02:43","guid":{"rendered":"https:\/\/theflowerloom.com\/?page_id=168"},"modified":"2023-01-30T12:53:03","modified_gmt":"2023-01-30T12:53:03","slug":"about-us","status":"publish","type":"page","link":"https:\/\/theflowerloom.com\/de\/about-us\/","title":{"rendered":"Wir wissen, wie wir Ihre W\u00fcnsche am besten realisieren"},"content":{"rendered":"<div class=\"wp-block-columns alignwide are-vertically-aligned-top is-layout-flex wp-container-core-columns-is-layout-9d6595d7 wp-block-columns-is-layout-flex\">\n<div class=\"wp-block-column is-layout-flow wp-block-column-is-layout-flow\" style=\"flex-basis:37%\"><div class=\"wp-block-image\">\n<figure class=\"aligncenter size-medium is-resized\"><img loading=\"lazy\" decoding=\"async\" src=\"https:\/\/theflowerloom.com\/wp-content\/uploads\/2022\/09\/Parvez-und-Sarah-Foto-Internet-2-300x200.jpeg\" alt=\"\" class=\"wp-image-205\" width=\"450\" height=\"300\" srcset=\"https:\/\/theflowerloom.com\/wp-content\/uploads\/2022\/09\/Parvez-und-Sarah-Foto-Internet-2-300x200.jpeg 300w, https:\/\/theflowerloom.com\/wp-content\/uploads\/2022\/09\/Parvez-und-Sarah-Foto-Internet-2.jpeg 593w\" sizes=\"auto, (max-width: 450px) 100vw, 450px\" \/><\/figure>\n<\/div><\/div>\n\n\n\n<div class=\"wp-block-column is-layout-flow wp-block-column-is-layout-flow\" style=\"flex-basis:63%\">\n<h2 class=\"wp-block-heading\"><strong>Wer wir sind<\/strong><\/h2>\n\n\n\n<p id=\"wnd_TextBlock_603574200_inner_0\" class=\"translation-block\"><strong>theflowerloom<\/strong> ist die Verwirklichung eines Traums, der f\u00fcr Parvez Ahmad Bhat und seiner deutschen Frau Sarah im Jahr 2020 wahr wurde. 30 Jahre Erfahrung mit kaschmirischem Kunsthandwerk in Goa waren sein bestes Startkapital, als er mit seiner Familie in seine kaschmirische Heimat zur\u00fcckkehrte.<\/p>\n\n\n\n<blockquote class=\"wp-block-quote has-small-font-size is-layout-flow wp-block-quote-is-layout-flow\">\n<p><em>\u201eIch bin im Kaschmir-Tal geboren. Was liegt also n\u00e4her f\u00fcr mich, als dessen reiches Erbe an Kunsthandwerks zu f\u00f6rdern und zu sch\u00fctzen. Indem wir dieses Erbe pflegen, erhalten wir unsere Zukunft.\u201c <\/em><\/p>\n<\/blockquote>\n\n\n\n<p id=\"wnd_TextBlock_603574200_inner_1\">Srinagar, die Hauptstadt von Kaschmir, ist seit vielen Generationen ein wichtiges Zentrum des kaschmirischen Kunsthandwerks. Die Region ist bei Kennern u.a. in aller Welt ber\u00fchmt wegen der komplizierten Stickereien auf feinster Wolle. Hier gibt es noch die Handwerker, die diese traditionelle Kunst beherrschen. Wir wissen, wo die besten ihrer Zunft zu finden sind.<\/p>\n\n\n\n<div class=\"wp-block-group\"><div class=\"wp-block-group__inner-container is-layout-constrained wp-block-group-is-layout-constrained\">\n<p id=\"wnd_TextBlock_603574200_inner_3\">Unsere handwerklichen Produkte stammen aus kleinen, aber feinen Manufakturen, die unseren hohen Qualit\u00e4tsanspr\u00fcchen gerecht werden. Oft arbeiten hier nur der Inhaber und ein bis zwei Angestellte. Oder sie werden als Familienunternehmen gef\u00fchrt. Dies garantiert unseren Kunden auch die M\u00f6glichkeit, Kleinserien individuell und \u201ema\u00dfgeschneidert\u201c zu bestellen.<\/p>\n<\/div><\/div>\n\n\n\n<p id=\"wnd_TextBlock_603574200_inner_4\">Ihre individuellen und qualitativ hochwertigen Anforderungen finden in uns den richtigen Partner. Weil unser Qualit\u00e4tsversprechen gilt. Wir begleiten Ihren Auftrag von Anfang an; von den Rohstoffen, \u00fcber die abschlie\u00dfende Qualit\u00e4tskontrolle hin zum Versand in die ganze Welt bis die Sendung bei Ihnen eingetroffen ist.<\/p>\n<\/div>\n<\/div>\n\n\n\n<div class=\"wp-block-media-text alignwide is-stacked-on-mobile is-vertically-aligned-center\" style=\"grid-template-columns:37% auto\"><figure class=\"wp-block-media-text__media\"><img loading=\"lazy\" decoding=\"async\" width=\"252\" height=\"300\" src=\"https:\/\/theflowerloom.com\/wp-content\/uploads\/2022\/09\/Plain-Pashmina-Homepage-1-252x300.jpeg\" alt=\"\" class=\"wp-image-207 size-medium\" srcset=\"https:\/\/theflowerloom.com\/wp-content\/uploads\/2022\/09\/Plain-Pashmina-Homepage-1-252x300.jpeg 252w, https:\/\/theflowerloom.com\/wp-content\/uploads\/2022\/09\/Plain-Pashmina-Homepage-1.jpeg 378w\" sizes=\"auto, (max-width: 252px) 100vw, 252px\" \/><\/figure><div class=\"wp-block-media-text__content\">\n<h2 class=\"wp-block-heading\" id=\"wnd_TextBlock_100093921_inner_0\"><strong>Wie wir denken<\/strong><\/h2>\n\n\n\n<p id=\"wnd_TextBlock_100093921_inner_1\">Nat\u00fcrliche Materialien, Nachhaltigkeit &amp; Fairness \u2013 das ist uns bei theflowerloom wichtig. Wir setzen das wichtige Thema Nachhaltigkeit in der Mode um durch hochwertige, faire Arbeitsbedingungen, bei denen Kinderarbeit keine Chance hat und Materialien, die bei der Herstellung oder beim Waschen nicht sch\u00e4dlich sind.<\/p>\n\n\n\n<p id=\"wnd_TextBlock_100093921_inner_2\">Wir handeln ausschlie\u00dflich mit nat\u00fcrlichen und hochwertigen Materialien.<\/p>\n\n\n\n<ul class=\"wp-block-list\">\n<li>Baumwolle<\/li>\n\n\n\n<li>Pashmina<\/li>\n\n\n\n<li>Merino Wolle<\/li>\n\n\n\n<li>Seide<\/li>\n<\/ul>\n\n\n\n<p id=\"wnd_TextBlock_100093921_inner_4\">Wir sind davon \u00fcberzeugt, dass hochwertige Produkte mit die beste Voraussetzung f\u00fcr einen nachhaltigen Umgang mit unseren Umweltressourcen bieten. Damit unser \u00f6kologischer Fu\u00dfabdruck so klein wie m\u00f6glich bleibt!<\/p>\n<\/div><\/div>\n\n\n\n<div class=\"wp-block-buttons is-layout-flex wp-block-buttons-is-layout-flex\">\n<div class=\"wp-block-button aligncenter\"><a class=\"wp-block-button__link wp-element-button\" href=\"https:\/\/theflowerloom.com\/de\/contact\/\">Kontakt<\/a><\/div>\n<\/div>","protected":false},"excerpt":{"rendered":"<p>Who we are theflowerloom&nbsp;&nbsp;is the realization of a Kashmiri dream that came true for Parvez Ahmad Bhat and his German wife Sarah in 2020.&nbsp;His 30 years of experience with his own Kashmiri handicraft shop in Goa were his basis when he returned home with his family. &#8220;I was born in Kashmir valley and what could [&hellip;]<\/p>\n","protected":false},"author":1,"featured_media":0,"parent":0,"menu_order":0,"comment_status":"closed","ping_status":"closed","template":"","meta":{"om_disable_all_campaigns":false,"_monsterinsights_skip_tracking":false,"_monsterinsights_sitenote_active":false,"_monsterinsights_sitenote_note":"","_monsterinsights_sitenote_category":0,"footnotes":""},"class_list":["post-168","page","type-page","status-publish","hentry"],"aioseo_notices":[],"_links":{"self":[{"href":"https:\/\/theflowerloom.com\/de\/wp-json\/wp\/v2\/pages\/168","targetHints":{"allow":["GET"]}}],"collection":[{"href":"https:\/\/theflowerloom.com\/de\/wp-json\/wp\/v2\/pages"}],"about":[{"href":"https:\/\/theflowerloom.com\/de\/wp-json\/wp\/v2\/types\/page"}],"author":[{"embeddable":true,"href":"https:\/\/theflowerloom.com\/de\/wp-json\/wp\/v2\/users\/1"}],"replies":[{"embeddable":true,"href":"https:\/\/theflowerloom.com\/de\/wp-json\/wp\/v2\/comments?post=168"}],"version-history":[{"count":23,"href":"https:\/\/theflowerloom.com\/de\/wp-json\/wp\/v2\/pages\/168\/revisions"}],"predecessor-version":[{"id":925,"href":"https:\/\/theflowerloom.com\/de\/wp-json\/wp\/v2\/pages\/168\/revisions\/925"}],"wp:attachment":[{"href":"https:\/\/theflowerloom.com\/de\/wp-json\/wp\/v2\/media?parent=168"}],"curies":[{"name":"wp","href":"https:\/\/api.w.org\/{rel}","templated":true}]}}